{"id":42,"date":"2020-02-27T15:08:06","date_gmt":"2020-02-27T15:08:06","guid":{"rendered":"https:\/\/arvitec.com\/?page_id=42"},"modified":"2020-03-16T14:05:32","modified_gmt":"2020-03-16T14:05:32","slug":"rd","status":"publish","type":"page","link":"https:\/\/arvitec.com\/fr\/rd\/","title":{"rendered":"R+D"},"content":{"rendered":"\n<p>Le d\u00e9veloppement et la recherche forment une partie fondamentale de l\u2019ADN d\u2019Arvitec, dans chaque projet, nous augmentons nos connaissances et nous l\u2019appliquons dans la suite.<\/p>\n\n\n\n<p>L\u2019\u00e9volution et la recherche constituent l\u2019ADN d\u2019Arvitec, la cr\u00e9ation d\u2019innovations dans la technologie de la co-extrusion, ont \u00e9t\u00e9 une constante dans le d\u00e9veloppement de plus de 5000 projets r\u00e9solus avec succ\u00e8s.<\/p>\n\n\n\n<h3 class=\"wp-block-heading\">Technologie<\/h3>\n\n\n\n<p>Notre technologie nous permet d\u2019offrir des lignes et des calibreurs pour fabriquer des profils pour diff\u00e9rents secteurs tels que l\u2019automobile, la construction, la nourriture, la d\u00e9coration et les appareils.<\/p>\n\n\n\n<p>Au fil des ann\u00e9es, nous avons pu d\u00e9velopper des innovations pour la co-extrusion de multi composants et gr\u00e2ce \u00e0 notre t\u00eate universelle, nous sommes devenus des pionniers dans l\u2019extrusion de 10 composants avec le nouveau syst\u00e8me d\u2019extrusion en deux \u00e9tapes ou en coextrusion en double phase.<\/p>\n\n\n\n<p>Nous proposons \u00e9galement la poly adh\u00e9sion des tuyaux, des bandes m\u00e9t\u00e9orologiques et des profil\u00e9s tr\u00e8s complexes avec des inserts de noyaux m\u00e9talliques telle que l\u2019acier ou l\u2019aluminium.<\/p>\n\n\n\n<p>Nous avons \u00e9galement d\u00e9velopp\u00e9 l\u2019application flock tape dans la m\u00eame ligne d\u2019extrusion, une avance bien re\u00e7ue par nos clients, car elle leur permet de:<\/p>\n\n\n\n<ul class=\"wp-block-list\"><li>R\u00e9duire la ferraille<\/li><li>\u00c9tendre la dur\u00e9e de l\u2019application<\/li><li>Avoir une finition de qualit\u00e9 sup\u00e9rieure, car cela est plus uniforme<\/li><li>R\u00e9duire les co\u00fbts de production.<\/li><\/ul>\n\n\n\n<h3 class=\"wp-block-heading\">3D<\/h3>\n\n\n\n<p>Nous recherchons actuellement et perfectionnons la technologie du filament extrusion pour les imprimantes 3D, principalement avec les mat\u00e9riaux les plus utilis\u00e9s ABS et PLA.<\/p>\n","protected":false},"excerpt":{"rendered":"<p>Le d\u00e9veloppement et la recherche forment une partie fondamentale de l\u2019ADN d\u2019Arvitec, dans chaque projet, nous augmentons nos connaissances et nous l\u2019appliquons dans la suite. L\u2019\u00e9volution et la recherche constituent l\u2019ADN d\u2019Arvitec, la cr\u00e9ation d\u2019innovations dans la technologie de la co-extrusion, ont \u00e9t\u00e9 une constante dans le d\u00e9veloppement de plus de 5000 projets r\u00e9solus avec [&hellip;]<\/p>\n","protected":false},"author":1,"featured_media":0,"parent":0,"menu_order":0,"comment_status":"closed","ping_status":"closed","template":"rd.php","meta":{"_acf_changed":false,"footnotes":""},"class_list":["post-42","page","type-page","status-publish","hentry"],"acf":[],"yoast_head":"<!-- This site is optimized with the Yoast SEO plugin v26.0 - https:\/\/yoast.com\/wordpress\/plugins\/seo\/ -->\n<title>R+D - Arvitec<\/title>\n<meta name=\"robots\" content=\"index, follow, max-snippet:-1, max-image-preview:large, max-video-preview:-1\" \/>\n<link rel=\"canonical\" href=\"https:\/\/arvitec.com\/fr\/rd\/\" \/>\n<meta property=\"og:locale\" content=\"en_GB\" \/>\n<meta property=\"og:type\" content=\"article\" \/>\n<meta property=\"og:title\" content=\"R+D - Arvitec\" \/>\n<meta property=\"og:description\" content=\"Le d\u00e9veloppement et la recherche forment une partie fondamentale de l\u2019ADN d\u2019Arvitec, dans chaque projet, nous augmentons nos connaissances et nous l\u2019appliquons dans la suite. L\u2019\u00e9volution et la recherche constituent l\u2019ADN d\u2019Arvitec, la cr\u00e9ation d\u2019innovations dans la technologie de la co-extrusion, ont \u00e9t\u00e9 une constante dans le d\u00e9veloppement de plus de 5000 projets r\u00e9solus avec [&hellip;]\" \/>\n<meta property=\"og:url\" content=\"https:\/\/arvitec.com\/fr\/rd\/\" \/>\n<meta property=\"og:site_name\" content=\"Arvitec\" \/>\n<meta property=\"article:modified_time\" content=\"2020-03-16T14:05:32+00:00\" \/>\n<meta name=\"twitter:card\" content=\"summary_large_image\" \/>\n<meta name=\"twitter:label1\" content=\"Estimated reading time\" \/>\n\t<meta name=\"twitter:data1\" content=\"1 minute\" \/>\n<script type=\"application\/ld+json\" class=\"yoast-schema-graph\">{\"@context\":\"https:\/\/schema.org\",\"@graph\":[{\"@type\":\"WebPage\",\"@id\":\"https:\/\/arvitec.com\/fr\/rd\/\",\"url\":\"https:\/\/arvitec.com\/fr\/rd\/\",\"name\":\"R+D - Arvitec\",\"isPartOf\":{\"@id\":\"https:\/\/arvitec.com\/fr\/#website\"},\"datePublished\":\"2020-02-27T15:08:06+00:00\",\"dateModified\":\"2020-03-16T14:05:32+00:00\",\"breadcrumb\":{\"@id\":\"https:\/\/arvitec.com\/fr\/rd\/#breadcrumb\"},\"inLanguage\":\"en-GB\",\"potentialAction\":[{\"@type\":\"ReadAction\",\"target\":[\"https:\/\/arvitec.com\/fr\/rd\/\"]}]},{\"@type\":\"BreadcrumbList\",\"@id\":\"https:\/\/arvitec.com\/fr\/rd\/#breadcrumb\",\"itemListElement\":[{\"@type\":\"ListItem\",\"position\":1,\"name\":\"Home\",\"item\":\"https:\/\/arvitec.com\/fr\/\"},{\"@type\":\"ListItem\",\"position\":2,\"name\":\"R+D\"}]},{\"@type\":\"WebSite\",\"@id\":\"https:\/\/arvitec.com\/fr\/#website\",\"url\":\"https:\/\/arvitec.com\/fr\/\",\"name\":\"Arvitec\",\"description\":\"Advancing Extrusion Technology\",\"potentialAction\":[{\"@type\":\"SearchAction\",\"target\":{\"@type\":\"EntryPoint\",\"urlTemplate\":\"https:\/\/arvitec.com\/fr\/?s={search_term_string}\"},\"query-input\":{\"@type\":\"PropertyValueSpecification\",\"valueRequired\":true,\"valueName\":\"search_term_string\"}}],\"inLanguage\":\"en-GB\"}]}<\/script>\n<!-- \/ Yoast SEO plugin. -->","yoast_head_json":{"title":"R+D - Arvitec","robots":{"index":"index","follow":"follow","max-snippet":"max-snippet:-1","max-image-preview":"max-image-preview:large","max-video-preview":"max-video-preview:-1"},"canonical":"https:\/\/arvitec.com\/fr\/rd\/","og_locale":"en_GB","og_type":"article","og_title":"R+D - Arvitec","og_description":"Le d\u00e9veloppement et la recherche forment une partie fondamentale de l\u2019ADN d\u2019Arvitec, dans chaque projet, nous augmentons nos connaissances et nous l\u2019appliquons dans la suite. L\u2019\u00e9volution et la recherche constituent l\u2019ADN d\u2019Arvitec, la cr\u00e9ation d\u2019innovations dans la technologie de la co-extrusion, ont \u00e9t\u00e9 une constante dans le d\u00e9veloppement de plus de 5000 projets r\u00e9solus avec [&hellip;]","og_url":"https:\/\/arvitec.com\/fr\/rd\/","og_site_name":"Arvitec","article_modified_time":"2020-03-16T14:05:32+00:00","twitter_card":"summary_large_image","twitter_misc":{"Estimated reading time":"1 minute"},"schema":{"@context":"https:\/\/schema.org","@graph":[{"@type":"WebPage","@id":"https:\/\/arvitec.com\/fr\/rd\/","url":"https:\/\/arvitec.com\/fr\/rd\/","name":"R+D - Arvitec","isPartOf":{"@id":"https:\/\/arvitec.com\/fr\/#website"},"datePublished":"2020-02-27T15:08:06+00:00","dateModified":"2020-03-16T14:05:32+00:00","breadcrumb":{"@id":"https:\/\/arvitec.com\/fr\/rd\/#breadcrumb"},"inLanguage":"en-GB","potentialAction":[{"@type":"ReadAction","target":["https:\/\/arvitec.com\/fr\/rd\/"]}]},{"@type":"BreadcrumbList","@id":"https:\/\/arvitec.com\/fr\/rd\/#breadcrumb","itemListElement":[{"@type":"ListItem","position":1,"name":"Home","item":"https:\/\/arvitec.com\/fr\/"},{"@type":"ListItem","position":2,"name":"R+D"}]},{"@type":"WebSite","@id":"https:\/\/arvitec.com\/fr\/#website","url":"https:\/\/arvitec.com\/fr\/","name":"Arvitec","description":"Advancing Extrusion Technology","potentialAction":[{"@type":"SearchAction","target":{"@type":"EntryPoint","urlTemplate":"https:\/\/arvitec.com\/fr\/?s={search_term_string}"},"query-input":{"@type":"PropertyValueSpecification","valueRequired":true,"valueName":"search_term_string"}}],"inLanguage":"en-GB"}]}},"_links":{"self":[{"href":"https:\/\/arvitec.com\/fr\/wp-json\/wp\/v2\/pages\/42","targetHints":{"allow":["GET"]}}],"collection":[{"href":"https:\/\/arvitec.com\/fr\/wp-json\/wp\/v2\/pages"}],"about":[{"href":"https:\/\/arvitec.com\/fr\/wp-json\/wp\/v2\/types\/page"}],"author":[{"embeddable":true,"href":"https:\/\/arvitec.com\/fr\/wp-json\/wp\/v2\/users\/1"}],"replies":[{"embeddable":true,"href":"https:\/\/arvitec.com\/fr\/wp-json\/wp\/v2\/comments?post=42"}],"version-history":[{"count":9,"href":"https:\/\/arvitec.com\/fr\/wp-json\/wp\/v2\/pages\/42\/revisions"}],"predecessor-version":[{"id":3386,"href":"https:\/\/arvitec.com\/fr\/wp-json\/wp\/v2\/pages\/42\/revisions\/3386"}],"wp:attachment":[{"href":"https:\/\/arvitec.com\/fr\/wp-json\/wp\/v2\/media?parent=42"}],"curies":[{"name":"wp","href":"https:\/\/api.w.org\/{rel}","templated":true}]}}