{"id":41,"date":"2020-02-27T14:39:48","date_gmt":"2020-02-27T14:39:48","guid":{"rendered":"https:\/\/arvitec.com\/?page_id=40"},"modified":"2025-04-03T15:47:15","modified_gmt":"2025-04-03T14:47:15","slug":"a-propos-de-nous","status":"publish","type":"page","link":"https:\/\/arvitec.com\/fr\/a-propos-de-nous\/","title":{"rendered":"A propos de nous"},"content":{"rendered":"\n<p>Arvitec has been advancing extrusion technology for more than 25 years. Supporting polymer extrusion manufacturers in producing reliable products of the highest quality, through expert engineering and pioneering process development.  <\/p>\n\n\n\n<p><strong>Bureau technique<\/strong><\/p>\n\n\n\n<p>Notre d\u00e9partement de conception de profil est compos\u00e9 d\u2019ing\u00e9nieurs poss\u00e9dant une exp\u00e9rience pratique dans le processus thermoplastique, ce qui nous permet de mieux comprendre le comportement des profils et des mat\u00e9riaux avec lesquels ils fonctionnent, ce qui donne \u00e0 Arvitec une grande adaptabilit\u00e9 et pr\u00e9cision dans la r\u00e9solution des probl\u00e8mes pr\u00e9sent\u00e9s par la technologie de co-extrusion.<\/p>\n\n\n\n<p><strong>Services techniques<\/strong><\/p>\n\n\n\n<p>Nous avons une \u00e9quipe technique avec une vaste exp\u00e9rience dans le d\u00e9veloppement, la fabrication et l\u2019ajustement de tous les types d\u2019outils li\u00e9s \u00e0 la technologie d\u2019extrusion et de co-extrusion des thermoplastiques.<\/p>\n\n\n\n<p>Nos sp\u00e9cialistes sont pr\u00eats \u00e0 se d\u00e9placer dans n\u2019importe quelle partie du globe pour le d\u00e9marrage de nos lignes et l\u2019\u00e9talonnage des lignes extrud\u00e9es pour leur bon fonctionnement.<\/p>\n","protected":false},"excerpt":{"rendered":"<p>Arvitec has been advancing extrusion technology for more than 25 years. Supporting polymer extrusion manufacturers in producing reliable products of the highest quality, through expert engineering and pioneering process development. Bureau technique Notre d\u00e9partement de conception de profil est compos\u00e9 d\u2019ing\u00e9nieurs poss\u00e9dant une exp\u00e9rience pratique dans le processus thermoplastique, ce qui nous permet de mieux [&hellip;]<\/p>\n","protected":false},"author":1,"featured_media":0,"parent":0,"menu_order":0,"comment_status":"closed","ping_status":"closed","template":"about.php","meta":{"_acf_changed":false,"footnotes":""},"class_list":["post-41","page","type-page","status-publish","hentry"],"acf":[],"yoast_head":"<!-- This site is optimized with the Yoast SEO plugin v26.0 - https:\/\/yoast.com\/wordpress\/plugins\/seo\/ -->\n<title>A propos de nous - Arvitec<\/title>\n<meta name=\"robots\" content=\"index, follow, max-snippet:-1, max-image-preview:large, max-video-preview:-1\" \/>\n<link rel=\"canonical\" href=\"https:\/\/arvitec.com\/fr\/a-propos-de-nous\/\" \/>\n<meta property=\"og:locale\" content=\"en_GB\" \/>\n<meta property=\"og:type\" content=\"article\" \/>\n<meta property=\"og:title\" content=\"A propos de nous - Arvitec\" \/>\n<meta property=\"og:description\" content=\"Arvitec has been advancing extrusion technology for more than 25 years. Supporting polymer extrusion manufacturers in producing reliable products of the highest quality, through expert engineering and pioneering process development. Bureau technique Notre d\u00e9partement de conception de profil est compos\u00e9 d\u2019ing\u00e9nieurs poss\u00e9dant une exp\u00e9rience pratique dans le processus thermoplastique, ce qui nous permet de mieux [&hellip;]\" \/>\n<meta property=\"og:url\" content=\"https:\/\/arvitec.com\/fr\/a-propos-de-nous\/\" \/>\n<meta property=\"og:site_name\" content=\"Arvitec\" \/>\n<meta property=\"article:modified_time\" content=\"2025-04-03T14:47:15+00:00\" \/>\n<meta name=\"twitter:card\" content=\"summary_large_image\" \/>\n<meta name=\"twitter:label1\" content=\"Estimated reading time\" \/>\n\t<meta name=\"twitter:data1\" content=\"7 minutes\" \/>\n<script type=\"application\/ld+json\" class=\"yoast-schema-graph\">{\"@context\":\"https:\/\/schema.org\",\"@graph\":[{\"@type\":\"WebPage\",\"@id\":\"https:\/\/arvitec.com\/fr\/a-propos-de-nous\/\",\"url\":\"https:\/\/arvitec.com\/fr\/a-propos-de-nous\/\",\"name\":\"A propos de nous - Arvitec\",\"isPartOf\":{\"@id\":\"https:\/\/arvitec.com\/fr\/#website\"},\"datePublished\":\"2020-02-27T14:39:48+00:00\",\"dateModified\":\"2025-04-03T14:47:15+00:00\",\"breadcrumb\":{\"@id\":\"https:\/\/arvitec.com\/fr\/a-propos-de-nous\/#breadcrumb\"},\"inLanguage\":\"en-GB\",\"potentialAction\":[{\"@type\":\"ReadAction\",\"target\":[\"https:\/\/arvitec.com\/fr\/a-propos-de-nous\/\"]}]},{\"@type\":\"BreadcrumbList\",\"@id\":\"https:\/\/arvitec.com\/fr\/a-propos-de-nous\/#breadcrumb\",\"itemListElement\":[{\"@type\":\"ListItem\",\"position\":1,\"name\":\"Home\",\"item\":\"https:\/\/arvitec.com\/fr\/\"},{\"@type\":\"ListItem\",\"position\":2,\"name\":\"A propos de nous\"}]},{\"@type\":\"WebSite\",\"@id\":\"https:\/\/arvitec.com\/fr\/#website\",\"url\":\"https:\/\/arvitec.com\/fr\/\",\"name\":\"Arvitec\",\"description\":\"Advancing Extrusion Technology\",\"potentialAction\":[{\"@type\":\"SearchAction\",\"target\":{\"@type\":\"EntryPoint\",\"urlTemplate\":\"https:\/\/arvitec.com\/fr\/?s={search_term_string}\"},\"query-input\":{\"@type\":\"PropertyValueSpecification\",\"valueRequired\":true,\"valueName\":\"search_term_string\"}}],\"inLanguage\":\"en-GB\"}]}<\/script>\n<!-- \/ Yoast SEO plugin. -->","yoast_head_json":{"title":"A propos de nous - Arvitec","robots":{"index":"index","follow":"follow","max-snippet":"max-snippet:-1","max-image-preview":"max-image-preview:large","max-video-preview":"max-video-preview:-1"},"canonical":"https:\/\/arvitec.com\/fr\/a-propos-de-nous\/","og_locale":"en_GB","og_type":"article","og_title":"A propos de nous - Arvitec","og_description":"Arvitec has been advancing extrusion technology for more than 25 years. Supporting polymer extrusion manufacturers in producing reliable products of the highest quality, through expert engineering and pioneering process development. Bureau technique Notre d\u00e9partement de conception de profil est compos\u00e9 d\u2019ing\u00e9nieurs poss\u00e9dant une exp\u00e9rience pratique dans le processus thermoplastique, ce qui nous permet de mieux [&hellip;]","og_url":"https:\/\/arvitec.com\/fr\/a-propos-de-nous\/","og_site_name":"Arvitec","article_modified_time":"2025-04-03T14:47:15+00:00","twitter_card":"summary_large_image","twitter_misc":{"Estimated reading time":"7 minutes"},"schema":{"@context":"https:\/\/schema.org","@graph":[{"@type":"WebPage","@id":"https:\/\/arvitec.com\/fr\/a-propos-de-nous\/","url":"https:\/\/arvitec.com\/fr\/a-propos-de-nous\/","name":"A propos de nous - Arvitec","isPartOf":{"@id":"https:\/\/arvitec.com\/fr\/#website"},"datePublished":"2020-02-27T14:39:48+00:00","dateModified":"2025-04-03T14:47:15+00:00","breadcrumb":{"@id":"https:\/\/arvitec.com\/fr\/a-propos-de-nous\/#breadcrumb"},"inLanguage":"en-GB","potentialAction":[{"@type":"ReadAction","target":["https:\/\/arvitec.com\/fr\/a-propos-de-nous\/"]}]},{"@type":"BreadcrumbList","@id":"https:\/\/arvitec.com\/fr\/a-propos-de-nous\/#breadcrumb","itemListElement":[{"@type":"ListItem","position":1,"name":"Home","item":"https:\/\/arvitec.com\/fr\/"},{"@type":"ListItem","position":2,"name":"A propos de nous"}]},{"@type":"WebSite","@id":"https:\/\/arvitec.com\/fr\/#website","url":"https:\/\/arvitec.com\/fr\/","name":"Arvitec","description":"Advancing Extrusion Technology","potentialAction":[{"@type":"SearchAction","target":{"@type":"EntryPoint","urlTemplate":"https:\/\/arvitec.com\/fr\/?s={search_term_string}"},"query-input":{"@type":"PropertyValueSpecification","valueRequired":true,"valueName":"search_term_string"}}],"inLanguage":"en-GB"}]}},"_links":{"self":[{"href":"https:\/\/arvitec.com\/fr\/wp-json\/wp\/v2\/pages\/41","targetHints":{"allow":["GET"]}}],"collection":[{"href":"https:\/\/arvitec.com\/fr\/wp-json\/wp\/v2\/pages"}],"about":[{"href":"https:\/\/arvitec.com\/fr\/wp-json\/wp\/v2\/types\/page"}],"author":[{"embeddable":true,"href":"https:\/\/arvitec.com\/fr\/wp-json\/wp\/v2\/users\/1"}],"replies":[{"embeddable":true,"href":"https:\/\/arvitec.com\/fr\/wp-json\/wp\/v2\/comments?post=41"}],"version-history":[{"count":38,"href":"https:\/\/arvitec.com\/fr\/wp-json\/wp\/v2\/pages\/41\/revisions"}],"predecessor-version":[{"id":3535,"href":"https:\/\/arvitec.com\/fr\/wp-json\/wp\/v2\/pages\/41\/revisions\/3535"}],"wp:attachment":[{"href":"https:\/\/arvitec.com\/fr\/wp-json\/wp\/v2\/media?parent=41"}],"curies":[{"name":"wp","href":"https:\/\/api.w.org\/{rel}","templated":true}]}}