{"id":40,"date":"2020-02-27T14:33:40","date_gmt":"2020-02-27T14:33:40","guid":{"rendered":"https:\/\/arvitec.com\/?page_id=38"},"modified":"2020-03-16T13:50:20","modified_gmt":"2020-03-16T13:50:20","slug":"resistance-electrique","status":"publish","type":"page","link":"https:\/\/arvitec.com\/fr\/resistance-electrique\/","title":{"rendered":"R\u00e9sistance \u00e9lectrique"},"content":{"rendered":"<p>Nous avons la plus grande gamme de r\u00e9sistances \u00e9lectriques et toutes sortes de sondes et thermocouples PT 100, ainsi que de tout syst\u00e8me de mesure de la temp\u00e9rature.<\/p>\n<p>Nous fournissons toutes les pi\u00e8ces de rechange et les consommables pour les machines de proc\u00e9d\u00e9s en plastique.<\/p>\n<p>Nous garantissons la performance et la fiabilit\u00e9 de toutes les r\u00e9sistances qui sont accompagn\u00e9es d\u2019un certificat de test et d\u2019une op\u00e9ration correcte.<\/p>\n<p>Pour de meilleures \u00e9conomies d\u2019\u00e9nergie, on peut fournir une chambre \u00e0 air avec isolation int\u00e9rieure, en \u00e9vitant les fuites de chaleur.<\/p>\n<p>Nous g\u00e9n\u00e9rons un plan de r\u00e9sistance sp\u00e9cial afin d\u2019avoir un enregistrement pr\u00e9cis de vos pi\u00e8ces de rechange.<\/p>\n","protected":false},"excerpt":{"rendered":"<p>Nous avons la plus grande gamme de r\u00e9sistances \u00e9lectriques et toutes sortes de sondes et thermocouples PT 100, ainsi que de tout syst\u00e8me de mesure de la temp\u00e9rature. Nous fournissons toutes les pi\u00e8ces de rechange et les consommables pour les machines de proc\u00e9d\u00e9s en plastique. Nous garantissons la performance et la fiabilit\u00e9 de toutes les [&hellip;]<\/p>\n","protected":false},"author":1,"featured_media":0,"parent":0,"menu_order":0,"comment_status":"closed","ping_status":"closed","template":"heater-elements.php","meta":{"_acf_changed":false,"footnotes":""},"class_list":["post-40","page","type-page","status-publish","hentry"],"acf":[],"yoast_head":"<!-- This site is optimized with the Yoast SEO plugin v26.0 - https:\/\/yoast.com\/wordpress\/plugins\/seo\/ -->\n<title>R\u00e9sistance \u00e9lectrique - Arvitec<\/title>\n<meta name=\"robots\" content=\"index, follow, max-snippet:-1, max-image-preview:large, max-video-preview:-1\" \/>\n<link rel=\"canonical\" href=\"https:\/\/arvitec.com\/fr\/resistance-electrique\/\" \/>\n<meta property=\"og:locale\" content=\"en_GB\" \/>\n<meta property=\"og:type\" content=\"article\" \/>\n<meta property=\"og:title\" content=\"R\u00e9sistance \u00e9lectrique - Arvitec\" \/>\n<meta property=\"og:description\" content=\"Nous avons la plus grande gamme de r\u00e9sistances \u00e9lectriques et toutes sortes de sondes et thermocouples PT 100, ainsi que de tout syst\u00e8me de mesure de la temp\u00e9rature. Nous fournissons toutes les pi\u00e8ces de rechange et les consommables pour les machines de proc\u00e9d\u00e9s en plastique. Nous garantissons la performance et la fiabilit\u00e9 de toutes les [&hellip;]\" \/>\n<meta property=\"og:url\" content=\"https:\/\/arvitec.com\/fr\/resistance-electrique\/\" \/>\n<meta property=\"og:site_name\" content=\"Arvitec\" \/>\n<meta property=\"article:modified_time\" content=\"2020-03-16T13:50:20+00:00\" \/>\n<meta name=\"twitter:card\" content=\"summary_large_image\" \/>\n<meta name=\"twitter:label1\" content=\"Estimated reading time\" \/>\n\t<meta name=\"twitter:data1\" content=\"1 minute\" \/>\n<script type=\"application\/ld+json\" class=\"yoast-schema-graph\">{\"@context\":\"https:\/\/schema.org\",\"@graph\":[{\"@type\":\"WebPage\",\"@id\":\"https:\/\/arvitec.com\/fr\/resistance-electrique\/\",\"url\":\"https:\/\/arvitec.com\/fr\/resistance-electrique\/\",\"name\":\"R\u00e9sistance \u00e9lectrique - Arvitec\",\"isPartOf\":{\"@id\":\"https:\/\/arvitec.com\/fr\/#website\"},\"datePublished\":\"2020-02-27T14:33:40+00:00\",\"dateModified\":\"2020-03-16T13:50:20+00:00\",\"breadcrumb\":{\"@id\":\"https:\/\/arvitec.com\/fr\/resistance-electrique\/#breadcrumb\"},\"inLanguage\":\"en-GB\",\"potentialAction\":[{\"@type\":\"ReadAction\",\"target\":[\"https:\/\/arvitec.com\/fr\/resistance-electrique\/\"]}]},{\"@type\":\"BreadcrumbList\",\"@id\":\"https:\/\/arvitec.com\/fr\/resistance-electrique\/#breadcrumb\",\"itemListElement\":[{\"@type\":\"ListItem\",\"position\":1,\"name\":\"Home\",\"item\":\"https:\/\/arvitec.com\/fr\/\"},{\"@type\":\"ListItem\",\"position\":2,\"name\":\"R\u00e9sistance \u00e9lectrique\"}]},{\"@type\":\"WebSite\",\"@id\":\"https:\/\/arvitec.com\/fr\/#website\",\"url\":\"https:\/\/arvitec.com\/fr\/\",\"name\":\"Arvitec\",\"description\":\"Advancing Extrusion Technology\",\"potentialAction\":[{\"@type\":\"SearchAction\",\"target\":{\"@type\":\"EntryPoint\",\"urlTemplate\":\"https:\/\/arvitec.com\/fr\/?s={search_term_string}\"},\"query-input\":{\"@type\":\"PropertyValueSpecification\",\"valueRequired\":true,\"valueName\":\"search_term_string\"}}],\"inLanguage\":\"en-GB\"}]}<\/script>\n<!-- \/ Yoast SEO plugin. -->","yoast_head_json":{"title":"R\u00e9sistance \u00e9lectrique - Arvitec","robots":{"index":"index","follow":"follow","max-snippet":"max-snippet:-1","max-image-preview":"max-image-preview:large","max-video-preview":"max-video-preview:-1"},"canonical":"https:\/\/arvitec.com\/fr\/resistance-electrique\/","og_locale":"en_GB","og_type":"article","og_title":"R\u00e9sistance \u00e9lectrique - Arvitec","og_description":"Nous avons la plus grande gamme de r\u00e9sistances \u00e9lectriques et toutes sortes de sondes et thermocouples PT 100, ainsi que de tout syst\u00e8me de mesure de la temp\u00e9rature. Nous fournissons toutes les pi\u00e8ces de rechange et les consommables pour les machines de proc\u00e9d\u00e9s en plastique. Nous garantissons la performance et la fiabilit\u00e9 de toutes les [&hellip;]","og_url":"https:\/\/arvitec.com\/fr\/resistance-electrique\/","og_site_name":"Arvitec","article_modified_time":"2020-03-16T13:50:20+00:00","twitter_card":"summary_large_image","twitter_misc":{"Estimated reading time":"1 minute"},"schema":{"@context":"https:\/\/schema.org","@graph":[{"@type":"WebPage","@id":"https:\/\/arvitec.com\/fr\/resistance-electrique\/","url":"https:\/\/arvitec.com\/fr\/resistance-electrique\/","name":"R\u00e9sistance \u00e9lectrique - Arvitec","isPartOf":{"@id":"https:\/\/arvitec.com\/fr\/#website"},"datePublished":"2020-02-27T14:33:40+00:00","dateModified":"2020-03-16T13:50:20+00:00","breadcrumb":{"@id":"https:\/\/arvitec.com\/fr\/resistance-electrique\/#breadcrumb"},"inLanguage":"en-GB","potentialAction":[{"@type":"ReadAction","target":["https:\/\/arvitec.com\/fr\/resistance-electrique\/"]}]},{"@type":"BreadcrumbList","@id":"https:\/\/arvitec.com\/fr\/resistance-electrique\/#breadcrumb","itemListElement":[{"@type":"ListItem","position":1,"name":"Home","item":"https:\/\/arvitec.com\/fr\/"},{"@type":"ListItem","position":2,"name":"R\u00e9sistance \u00e9lectrique"}]},{"@type":"WebSite","@id":"https:\/\/arvitec.com\/fr\/#website","url":"https:\/\/arvitec.com\/fr\/","name":"Arvitec","description":"Advancing Extrusion Technology","potentialAction":[{"@type":"SearchAction","target":{"@type":"EntryPoint","urlTemplate":"https:\/\/arvitec.com\/fr\/?s={search_term_string}"},"query-input":{"@type":"PropertyValueSpecification","valueRequired":true,"valueName":"search_term_string"}}],"inLanguage":"en-GB"}]}},"_links":{"self":[{"href":"https:\/\/arvitec.com\/fr\/wp-json\/wp\/v2\/pages\/40","targetHints":{"allow":["GET"]}}],"collection":[{"href":"https:\/\/arvitec.com\/fr\/wp-json\/wp\/v2\/pages"}],"about":[{"href":"https:\/\/arvitec.com\/fr\/wp-json\/wp\/v2\/types\/page"}],"author":[{"embeddable":true,"href":"https:\/\/arvitec.com\/fr\/wp-json\/wp\/v2\/users\/1"}],"replies":[{"embeddable":true,"href":"https:\/\/arvitec.com\/fr\/wp-json\/wp\/v2\/comments?post=40"}],"version-history":[{"count":4,"href":"https:\/\/arvitec.com\/fr\/wp-json\/wp\/v2\/pages\/40\/revisions"}],"predecessor-version":[{"id":3343,"href":"https:\/\/arvitec.com\/fr\/wp-json\/wp\/v2\/pages\/40\/revisions\/3343"}],"wp:attachment":[{"href":"https:\/\/arvitec.com\/fr\/wp-json\/wp\/v2\/media?parent=40"}],"curies":[{"name":"wp","href":"https:\/\/api.w.org\/{rel}","templated":true}]}}