{"id":39,"date":"2020-02-27T13:17:19","date_gmt":"2020-02-27T13:17:19","guid":{"rendered":"https:\/\/arvitec.com\/?page_id=36"},"modified":"2020-03-16T13:48:58","modified_gmt":"2020-03-16T13:48:58","slug":"extrudeuses-arvitec","status":"publish","type":"page","link":"https:\/\/arvitec.com\/fr\/extrudeuses-arvitec\/","title":{"rendered":"Extrudeuses Arvitec"},"content":{"rendered":"<p>Genesis pr\u00e9sente, la premi\u00e8re g\u00e9n\u00e9ration d\u2019extrudeuses con\u00e7u et construit enti\u00e8rement de la technologie Arvitec.<\/p>\n<h4>Sp\u00e9cifications:<\/h4>\n<p>Structure renforc\u00e9e en acier inoxydable en tube quadri, soud\u00e9e et peinte.<\/p>\n<p>Syst\u00e8me anti-d\u00e9formation pour la dilatation thermique.<\/p>\n<h4>Assemblage de stratification:<\/h4>\n<ul>\n<li><strong>Zone d\u2019alimentation:<\/strong> \u00e9quip\u00e9e d\u2019une structure de refroidissement contr\u00f4l\u00e9e, d\u2019un design exclusif Arvitec, sp\u00e9cial pour l\u2019utilisation de mat\u00e9riaux sp\u00e9cifiques pour la co-extrusion de profils techniques.<\/li>\n<li><strong>Cam\u00e9ra:<\/strong> Alliage bim\u00e9tallique \u00e0 haute r\u00e9sistance \u00e0 la torsion, \u00e0 l\u2019abrasion et \u00e0 la corrosion.<\/li>\n<li><strong>Broche:<\/strong> conception, g\u00e9om\u00e9trie et traitement de surface en fonction des besoins du produit \u00e0 fabriquer.<\/li>\n<\/ul>\n<p>Tous les ensembles ont \u00e9t\u00e9 test\u00e9s avec les mat\u00e9riaux de production des fabricants TPV, Teknor Apex, Santoprene, Tefabloc les plus reconnus, dont les r\u00e9sultats sont l\u2019excellente qualit\u00e9 obtenue dans l\u2019extrusion et la co-extrusion des profils techniques.<\/p>\n<p>Le r\u00e9ducteur Zambello de la GAMA ZPE, con\u00e7u pour les extrudeuses \u00e0 vis unique avec torque transmissible par rapport au poids et \u00e0 la dimension du r\u00e9ducteur.<\/p>\n<p>Moteur et entra\u00eenement ABB AC. Moteur robuste et compact \u00e0 faible inertie. Ventilation forc\u00e9e et encodeur.<\/p>\n<p>Capteurs de pression et point de fusion du mat\u00e9riau.<\/p>\n<p>Les capteurs en plus d\u2019\u00eatre un syst\u00e8me de s\u00e9curit\u00e9 pour la machine nous permettent d\u2019analyser la qualit\u00e9 du processus de fabrication \u00e0 tout moment.<\/p>\n","protected":false},"excerpt":{"rendered":"<p>Genesis pr\u00e9sente, la premi\u00e8re g\u00e9n\u00e9ration d\u2019extrudeuses con\u00e7u et construit enti\u00e8rement de la technologie Arvitec. Sp\u00e9cifications: Structure renforc\u00e9e en acier inoxydable en tube quadri, soud\u00e9e et peinte. Syst\u00e8me anti-d\u00e9formation pour la dilatation thermique. Assemblage de stratification: Zone d\u2019alimentation: \u00e9quip\u00e9e d\u2019une structure de refroidissement contr\u00f4l\u00e9e, d\u2019un design exclusif Arvitec, sp\u00e9cial pour l\u2019utilisation de mat\u00e9riaux sp\u00e9cifiques pour la [&hellip;]<\/p>\n","protected":false},"author":1,"featured_media":0,"parent":0,"menu_order":0,"comment_status":"closed","ping_status":"closed","template":"extruder.php","meta":{"_acf_changed":false,"footnotes":""},"class_list":["post-39","page","type-page","status-publish","hentry"],"acf":[],"yoast_head":"<!-- This site is optimized with the Yoast SEO plugin v26.0 - https:\/\/yoast.com\/wordpress\/plugins\/seo\/ -->\n<title>Extrudeuses Arvitec - Arvitec<\/title>\n<meta name=\"robots\" content=\"index, follow, max-snippet:-1, max-image-preview:large, max-video-preview:-1\" \/>\n<link rel=\"canonical\" href=\"https:\/\/arvitec.com\/fr\/extrudeuses-arvitec\/\" \/>\n<meta property=\"og:locale\" content=\"en_GB\" \/>\n<meta property=\"og:type\" content=\"article\" \/>\n<meta property=\"og:title\" content=\"Extrudeuses Arvitec - Arvitec\" \/>\n<meta property=\"og:description\" content=\"Genesis pr\u00e9sente, la premi\u00e8re g\u00e9n\u00e9ration d\u2019extrudeuses con\u00e7u et construit enti\u00e8rement de la technologie Arvitec. Sp\u00e9cifications: Structure renforc\u00e9e en acier inoxydable en tube quadri, soud\u00e9e et peinte. Syst\u00e8me anti-d\u00e9formation pour la dilatation thermique. Assemblage de stratification: Zone d\u2019alimentation: \u00e9quip\u00e9e d\u2019une structure de refroidissement contr\u00f4l\u00e9e, d\u2019un design exclusif Arvitec, sp\u00e9cial pour l\u2019utilisation de mat\u00e9riaux sp\u00e9cifiques pour la [&hellip;]\" \/>\n<meta property=\"og:url\" content=\"https:\/\/arvitec.com\/fr\/extrudeuses-arvitec\/\" \/>\n<meta property=\"og:site_name\" content=\"Arvitec\" \/>\n<meta property=\"article:modified_time\" content=\"2020-03-16T13:48:58+00:00\" \/>\n<meta name=\"twitter:card\" content=\"summary_large_image\" \/>\n<meta name=\"twitter:label1\" content=\"Estimated reading time\" \/>\n\t<meta name=\"twitter:data1\" content=\"1 minute\" \/>\n<script type=\"application\/ld+json\" class=\"yoast-schema-graph\">{\"@context\":\"https:\/\/schema.org\",\"@graph\":[{\"@type\":\"WebPage\",\"@id\":\"https:\/\/arvitec.com\/fr\/extrudeuses-arvitec\/\",\"url\":\"https:\/\/arvitec.com\/fr\/extrudeuses-arvitec\/\",\"name\":\"Extrudeuses Arvitec - Arvitec\",\"isPartOf\":{\"@id\":\"https:\/\/arvitec.com\/fr\/#website\"},\"datePublished\":\"2020-02-27T13:17:19+00:00\",\"dateModified\":\"2020-03-16T13:48:58+00:00\",\"breadcrumb\":{\"@id\":\"https:\/\/arvitec.com\/fr\/extrudeuses-arvitec\/#breadcrumb\"},\"inLanguage\":\"en-GB\",\"potentialAction\":[{\"@type\":\"ReadAction\",\"target\":[\"https:\/\/arvitec.com\/fr\/extrudeuses-arvitec\/\"]}]},{\"@type\":\"BreadcrumbList\",\"@id\":\"https:\/\/arvitec.com\/fr\/extrudeuses-arvitec\/#breadcrumb\",\"itemListElement\":[{\"@type\":\"ListItem\",\"position\":1,\"name\":\"Home\",\"item\":\"https:\/\/arvitec.com\/fr\/\"},{\"@type\":\"ListItem\",\"position\":2,\"name\":\"Extrudeuses Arvitec\"}]},{\"@type\":\"WebSite\",\"@id\":\"https:\/\/arvitec.com\/fr\/#website\",\"url\":\"https:\/\/arvitec.com\/fr\/\",\"name\":\"Arvitec\",\"description\":\"Advancing Extrusion Technology\",\"potentialAction\":[{\"@type\":\"SearchAction\",\"target\":{\"@type\":\"EntryPoint\",\"urlTemplate\":\"https:\/\/arvitec.com\/fr\/?s={search_term_string}\"},\"query-input\":{\"@type\":\"PropertyValueSpecification\",\"valueRequired\":true,\"valueName\":\"search_term_string\"}}],\"inLanguage\":\"en-GB\"}]}<\/script>\n<!-- \/ Yoast SEO plugin. -->","yoast_head_json":{"title":"Extrudeuses Arvitec - Arvitec","robots":{"index":"index","follow":"follow","max-snippet":"max-snippet:-1","max-image-preview":"max-image-preview:large","max-video-preview":"max-video-preview:-1"},"canonical":"https:\/\/arvitec.com\/fr\/extrudeuses-arvitec\/","og_locale":"en_GB","og_type":"article","og_title":"Extrudeuses Arvitec - Arvitec","og_description":"Genesis pr\u00e9sente, la premi\u00e8re g\u00e9n\u00e9ration d\u2019extrudeuses con\u00e7u et construit enti\u00e8rement de la technologie Arvitec. Sp\u00e9cifications: Structure renforc\u00e9e en acier inoxydable en tube quadri, soud\u00e9e et peinte. Syst\u00e8me anti-d\u00e9formation pour la dilatation thermique. Assemblage de stratification: Zone d\u2019alimentation: \u00e9quip\u00e9e d\u2019une structure de refroidissement contr\u00f4l\u00e9e, d\u2019un design exclusif Arvitec, sp\u00e9cial pour l\u2019utilisation de mat\u00e9riaux sp\u00e9cifiques pour la [&hellip;]","og_url":"https:\/\/arvitec.com\/fr\/extrudeuses-arvitec\/","og_site_name":"Arvitec","article_modified_time":"2020-03-16T13:48:58+00:00","twitter_card":"summary_large_image","twitter_misc":{"Estimated reading time":"1 minute"},"schema":{"@context":"https:\/\/schema.org","@graph":[{"@type":"WebPage","@id":"https:\/\/arvitec.com\/fr\/extrudeuses-arvitec\/","url":"https:\/\/arvitec.com\/fr\/extrudeuses-arvitec\/","name":"Extrudeuses Arvitec - Arvitec","isPartOf":{"@id":"https:\/\/arvitec.com\/fr\/#website"},"datePublished":"2020-02-27T13:17:19+00:00","dateModified":"2020-03-16T13:48:58+00:00","breadcrumb":{"@id":"https:\/\/arvitec.com\/fr\/extrudeuses-arvitec\/#breadcrumb"},"inLanguage":"en-GB","potentialAction":[{"@type":"ReadAction","target":["https:\/\/arvitec.com\/fr\/extrudeuses-arvitec\/"]}]},{"@type":"BreadcrumbList","@id":"https:\/\/arvitec.com\/fr\/extrudeuses-arvitec\/#breadcrumb","itemListElement":[{"@type":"ListItem","position":1,"name":"Home","item":"https:\/\/arvitec.com\/fr\/"},{"@type":"ListItem","position":2,"name":"Extrudeuses Arvitec"}]},{"@type":"WebSite","@id":"https:\/\/arvitec.com\/fr\/#website","url":"https:\/\/arvitec.com\/fr\/","name":"Arvitec","description":"Advancing Extrusion Technology","potentialAction":[{"@type":"SearchAction","target":{"@type":"EntryPoint","urlTemplate":"https:\/\/arvitec.com\/fr\/?s={search_term_string}"},"query-input":{"@type":"PropertyValueSpecification","valueRequired":true,"valueName":"search_term_string"}}],"inLanguage":"en-GB"}]}},"_links":{"self":[{"href":"https:\/\/arvitec.com\/fr\/wp-json\/wp\/v2\/pages\/39","targetHints":{"allow":["GET"]}}],"collection":[{"href":"https:\/\/arvitec.com\/fr\/wp-json\/wp\/v2\/pages"}],"about":[{"href":"https:\/\/arvitec.com\/fr\/wp-json\/wp\/v2\/types\/page"}],"author":[{"embeddable":true,"href":"https:\/\/arvitec.com\/fr\/wp-json\/wp\/v2\/users\/1"}],"replies":[{"embeddable":true,"href":"https:\/\/arvitec.com\/fr\/wp-json\/wp\/v2\/comments?post=39"}],"version-history":[{"count":6,"href":"https:\/\/arvitec.com\/fr\/wp-json\/wp\/v2\/pages\/39\/revisions"}],"predecessor-version":[{"id":3341,"href":"https:\/\/arvitec.com\/fr\/wp-json\/wp\/v2\/pages\/39\/revisions\/3341"}],"wp:attachment":[{"href":"https:\/\/arvitec.com\/fr\/wp-json\/wp\/v2\/media?parent=39"}],"curies":[{"name":"wp","href":"https:\/\/api.w.org\/{rel}","templated":true}]}}