{"id":38,"date":"2020-02-20T09:52:58","date_gmt":"2020-02-20T09:52:58","guid":{"rendered":"https:\/\/arvitec.com\/?page_id=10"},"modified":"2020-04-01T12:32:48","modified_gmt":"2020-04-01T11:32:48","slug":"lignes-dextrusion","status":"publish","type":"page","link":"https:\/\/arvitec.com\/fr\/lignes-dextrusion\/","title":{"rendered":"Lignes d\u2019extrusion"},"content":{"rendered":"\n<p>Lignes d\u2019extrusion et lignes de coextrusion personnalis\u00e9es pour tout type de produit.<\/p>\n\n\n\n<p>Lignes d\u2019extrusion pour PVC, ligne de coextrusion pour PP + TPV, ligne de coextrusion pour PVC + TPV<\/p>\n\n\n\n<ul class=\"wp-block-list\"><li>Machines optimis\u00e9es en fonction du profil \u00e0 fabriquer.<\/li><li>Ligne d\u2019extrusion manuelle ou enti\u00e8rement automatis\u00e9e, toutes les machines sont synchronis\u00e9es en vitesse, temp\u00e9rature, localisation, vide et d\u00e9coupe pour obtenir des performances pr\u00e9cises et rapides.<\/li><li>Rapports de contr\u00f4le de performance<\/li><li>Recettes enregistr\u00e9es, les recettes permettent d\u2019enregistrer tous les profils dans la m\u00e9moire de la ligne, ce qui nous permet de r\u00e9duire le temps de d\u00e9marrage et le gaspillage de mat\u00e9riel.<\/li><li>Commencez plus vite et plus facilement.<\/li><li>R\u00e9duit le co\u00fbt de la ferraille lors de l\u2019ajustement.<\/li><li>Large gamme de profils pour travailler. Nous avons \u00e9largi la gamme de profil\u00e9s pour rendre notre ligne d\u2019extrusion plus comp\u00e9titive.<\/li><\/ul>\n\n\n\n<p>Toutes les machines fabriqu\u00e9es et approuv\u00e9es \u00e0 Arvitec.<\/p>\n\n\n\n<p>La chemise et la broche au design exclusif d\u2019Arvitec ont \u00e9t\u00e9 d\u00e9velopp\u00e9es pour garantir la meilleure plastification et la meilleure stabilit\u00e9 dans le processus d\u2019extrusion.<\/p>\n","protected":false},"excerpt":{"rendered":"<p>Lignes d\u2019extrusion et lignes de coextrusion personnalis\u00e9es pour tout type de produit. Lignes d\u2019extrusion pour PVC, ligne de coextrusion pour PP + TPV, ligne de coextrusion pour PVC + TPV Machines optimis\u00e9es en fonction du profil \u00e0 fabriquer. Ligne d\u2019extrusion manuelle ou enti\u00e8rement automatis\u00e9e, toutes les machines sont synchronis\u00e9es en vitesse, temp\u00e9rature, localisation, vide et [&hellip;]<\/p>\n","protected":false},"author":1,"featured_media":0,"parent":0,"menu_order":0,"comment_status":"closed","ping_status":"closed","template":"turnkey.php","meta":{"_acf_changed":false,"footnotes":""},"class_list":["post-38","page","type-page","status-publish","hentry"],"acf":[],"yoast_head":"<!-- This site is optimized with the Yoast SEO plugin v26.0 - https:\/\/yoast.com\/wordpress\/plugins\/seo\/ -->\n<title>Lignes d\u2019extrusion - Arvitec<\/title>\n<meta name=\"robots\" content=\"index, follow, max-snippet:-1, max-image-preview:large, max-video-preview:-1\" \/>\n<link rel=\"canonical\" href=\"https:\/\/arvitec.com\/fr\/lignes-dextrusion\/\" \/>\n<meta property=\"og:locale\" content=\"en_GB\" \/>\n<meta property=\"og:type\" content=\"article\" \/>\n<meta property=\"og:title\" content=\"Lignes d\u2019extrusion - Arvitec\" \/>\n<meta property=\"og:description\" content=\"Lignes d\u2019extrusion et lignes de coextrusion personnalis\u00e9es pour tout type de produit. Lignes d\u2019extrusion pour PVC, ligne de coextrusion pour PP + TPV, ligne de coextrusion pour PVC + TPV Machines optimis\u00e9es en fonction du profil \u00e0 fabriquer. Ligne d\u2019extrusion manuelle ou enti\u00e8rement automatis\u00e9e, toutes les machines sont synchronis\u00e9es en vitesse, temp\u00e9rature, localisation, vide et [&hellip;]\" \/>\n<meta property=\"og:url\" content=\"https:\/\/arvitec.com\/fr\/lignes-dextrusion\/\" \/>\n<meta property=\"og:site_name\" content=\"Arvitec\" \/>\n<meta property=\"article:modified_time\" content=\"2020-04-01T11:32:48+00:00\" \/>\n<meta name=\"twitter:card\" content=\"summary_large_image\" \/>\n<meta name=\"twitter:label1\" content=\"Estimated reading time\" \/>\n\t<meta name=\"twitter:data1\" content=\"1 minute\" \/>\n<script type=\"application\/ld+json\" class=\"yoast-schema-graph\">{\"@context\":\"https:\/\/schema.org\",\"@graph\":[{\"@type\":\"WebPage\",\"@id\":\"https:\/\/arvitec.com\/fr\/lignes-dextrusion\/\",\"url\":\"https:\/\/arvitec.com\/fr\/lignes-dextrusion\/\",\"name\":\"Lignes d\u2019extrusion - Arvitec\",\"isPartOf\":{\"@id\":\"https:\/\/arvitec.com\/fr\/#website\"},\"datePublished\":\"2020-02-20T09:52:58+00:00\",\"dateModified\":\"2020-04-01T11:32:48+00:00\",\"breadcrumb\":{\"@id\":\"https:\/\/arvitec.com\/fr\/lignes-dextrusion\/#breadcrumb\"},\"inLanguage\":\"en-GB\",\"potentialAction\":[{\"@type\":\"ReadAction\",\"target\":[\"https:\/\/arvitec.com\/fr\/lignes-dextrusion\/\"]}]},{\"@type\":\"BreadcrumbList\",\"@id\":\"https:\/\/arvitec.com\/fr\/lignes-dextrusion\/#breadcrumb\",\"itemListElement\":[{\"@type\":\"ListItem\",\"position\":1,\"name\":\"Home\",\"item\":\"https:\/\/arvitec.com\/fr\/\"},{\"@type\":\"ListItem\",\"position\":2,\"name\":\"Lignes d\u2019extrusion\"}]},{\"@type\":\"WebSite\",\"@id\":\"https:\/\/arvitec.com\/fr\/#website\",\"url\":\"https:\/\/arvitec.com\/fr\/\",\"name\":\"Arvitec\",\"description\":\"Advancing Extrusion Technology\",\"potentialAction\":[{\"@type\":\"SearchAction\",\"target\":{\"@type\":\"EntryPoint\",\"urlTemplate\":\"https:\/\/arvitec.com\/fr\/?s={search_term_string}\"},\"query-input\":{\"@type\":\"PropertyValueSpecification\",\"valueRequired\":true,\"valueName\":\"search_term_string\"}}],\"inLanguage\":\"en-GB\"}]}<\/script>\n<!-- \/ Yoast SEO plugin. -->","yoast_head_json":{"title":"Lignes d\u2019extrusion - Arvitec","robots":{"index":"index","follow":"follow","max-snippet":"max-snippet:-1","max-image-preview":"max-image-preview:large","max-video-preview":"max-video-preview:-1"},"canonical":"https:\/\/arvitec.com\/fr\/lignes-dextrusion\/","og_locale":"en_GB","og_type":"article","og_title":"Lignes d\u2019extrusion - Arvitec","og_description":"Lignes d\u2019extrusion et lignes de coextrusion personnalis\u00e9es pour tout type de produit. Lignes d\u2019extrusion pour PVC, ligne de coextrusion pour PP + TPV, ligne de coextrusion pour PVC + TPV Machines optimis\u00e9es en fonction du profil \u00e0 fabriquer. Ligne d\u2019extrusion manuelle ou enti\u00e8rement automatis\u00e9e, toutes les machines sont synchronis\u00e9es en vitesse, temp\u00e9rature, localisation, vide et [&hellip;]","og_url":"https:\/\/arvitec.com\/fr\/lignes-dextrusion\/","og_site_name":"Arvitec","article_modified_time":"2020-04-01T11:32:48+00:00","twitter_card":"summary_large_image","twitter_misc":{"Estimated reading time":"1 minute"},"schema":{"@context":"https:\/\/schema.org","@graph":[{"@type":"WebPage","@id":"https:\/\/arvitec.com\/fr\/lignes-dextrusion\/","url":"https:\/\/arvitec.com\/fr\/lignes-dextrusion\/","name":"Lignes d\u2019extrusion - Arvitec","isPartOf":{"@id":"https:\/\/arvitec.com\/fr\/#website"},"datePublished":"2020-02-20T09:52:58+00:00","dateModified":"2020-04-01T11:32:48+00:00","breadcrumb":{"@id":"https:\/\/arvitec.com\/fr\/lignes-dextrusion\/#breadcrumb"},"inLanguage":"en-GB","potentialAction":[{"@type":"ReadAction","target":["https:\/\/arvitec.com\/fr\/lignes-dextrusion\/"]}]},{"@type":"BreadcrumbList","@id":"https:\/\/arvitec.com\/fr\/lignes-dextrusion\/#breadcrumb","itemListElement":[{"@type":"ListItem","position":1,"name":"Home","item":"https:\/\/arvitec.com\/fr\/"},{"@type":"ListItem","position":2,"name":"Lignes d\u2019extrusion"}]},{"@type":"WebSite","@id":"https:\/\/arvitec.com\/fr\/#website","url":"https:\/\/arvitec.com\/fr\/","name":"Arvitec","description":"Advancing Extrusion Technology","potentialAction":[{"@type":"SearchAction","target":{"@type":"EntryPoint","urlTemplate":"https:\/\/arvitec.com\/fr\/?s={search_term_string}"},"query-input":{"@type":"PropertyValueSpecification","valueRequired":true,"valueName":"search_term_string"}}],"inLanguage":"en-GB"}]}},"_links":{"self":[{"href":"https:\/\/arvitec.com\/fr\/wp-json\/wp\/v2\/pages\/38","targetHints":{"allow":["GET"]}}],"collection":[{"href":"https:\/\/arvitec.com\/fr\/wp-json\/wp\/v2\/pages"}],"about":[{"href":"https:\/\/arvitec.com\/fr\/wp-json\/wp\/v2\/types\/page"}],"author":[{"embeddable":true,"href":"https:\/\/arvitec.com\/fr\/wp-json\/wp\/v2\/users\/1"}],"replies":[{"embeddable":true,"href":"https:\/\/arvitec.com\/fr\/wp-json\/wp\/v2\/comments?post=38"}],"version-history":[{"count":8,"href":"https:\/\/arvitec.com\/fr\/wp-json\/wp\/v2\/pages\/38\/revisions"}],"predecessor-version":[{"id":3450,"href":"https:\/\/arvitec.com\/fr\/wp-json\/wp\/v2\/pages\/38\/revisions\/3450"}],"wp:attachment":[{"href":"https:\/\/arvitec.com\/fr\/wp-json\/wp\/v2\/media?parent=38"}],"curies":[{"name":"wp","href":"https:\/\/api.w.org\/{rel}","templated":true}]}}