{"id":3470,"date":"2020-04-01T11:31:50","date_gmt":"2020-04-01T10:31:50","guid":{"rendered":"https:\/\/arvitec.com\/fr\/?page_id=3470"},"modified":"2020-04-01T11:31:51","modified_gmt":"2020-04-01T10:31:51","slug":"cookies","status":"publish","type":"page","link":"https:\/\/arvitec.com\/fr\/cookies\/","title":{"rendered":"Cookies"},"content":{"rendered":"\n<p>Notre site utilise des cookies pour vous distinguer des autres utilisateurs. Cela nous aide \u00e0 vous fournir une meilleure exp\u00e9rience lors de la navigation et nous permet \u00e9galement d&#8217;am\u00e9liorer notre site Web. Une invitation s&#8217;affiche dans le coin inf\u00e9rieur gauche de chaque page que vous visitez jusqu&#8217;\u00e0 ce que vous d\u00e9cidiez d&#8217;autoriser ou d&#8217;emp\u00eacher l&#8217;utilisation de cookies sur votre appareil. Veuillez noter que la fonctionnalit\u00e9 du site peut \u00eatre affect\u00e9e en choisissant de ne pas autoriser les cookies.<\/p>\n\n\n\n<h2 class=\"wp-block-heading\">Qu\u2019est ce qu\u2019un cookie?<\/h2>\n\n\n\n<p>Un cookie est un petit fichier de lettres et de chiffres que nous stockons sur votre navigateur si vous l\u2019acceptez. Les cookies contiennent des informations transf\u00e9r\u00e9es sur le disque dur de votre ordinateur. Pour en savoir plus sur la configuration des cookies, veuillez consulter l&#8217;aide de votre navigateur. Vous trouverez ici des informations sur les navigateurs les plus populaires:<\/p>\n\n\n\n<ul class=\"wp-block-list\"><li><strong>Mozilla Firefox<\/strong>: <a href=\"https:\/\/support.mozilla.org\/es\/kb\/cookies-informacion-que-los-sitios-web-guardan-en-\">https:\/\/support.mozilla.org\/es\/kb\/cookies-informacion-que-los-sitios-web-guardan-en-<\/a><\/li><li><strong>Google Chrome<\/strong>: <a href=\"https:\/\/support.google.com\/chrome\/answer\/95647\">https:\/\/support.google.com\/chrome\/answer\/95647<\/a><\/li><li><strong>Explorer<\/strong>: <a href=\"http:\/\/windows.microsoft.com\/es-es\/windows7\/how-to-manage-cookies-in-internet-explorer-9\">http:\/\/windows.microsoft.com\/es-es\/windows7\/how-to-manage-cookies-in-internet-explorer-9<\/a><\/li><li><strong>Opera<\/strong>: <a href=\"http:\/\/help.opera.com\/Linux\/10.60\/es-ES\/cookies.html\">http:\/\/help.opera.com\/Linux\/10.60\/es-ES\/cookies.html<\/a><\/li><li><strong>Safari<\/strong>: <a href=\"http:\/\/support.apple.com\/kb\/ph17191\">http:\/\/support.apple.com\/kb\/ph17191<\/a><\/li><\/ul>\n\n\n\n<p>Pour trouver des informations relatives \u00e0 d&#8217;autres navigateurs, visitez le site Web du d\u00e9veloppeur du navigateur.<\/p>\n\n\n\n<p>Pour ne plus \u00eatre suivi par Google Analytics sur tous les sites Web, consultez la page http:\/\/tools.google.com\/dlpage\/gaoptout.<\/p>\n\n\n\n<p>Diff\u00e9rents cookies font des choses diff\u00e9rentes, donc pour les utiliser et \u00eatre &nbsp;aussi transparents que possible, nous les classons comme suit:<\/p>\n\n\n\n<ul class=\"wp-block-list\"><li><strong>Cookies strictement n\u00e9cessaires<\/strong>. Ce sont des cookies qui sont n\u00e9cessaires pour le fonctionnement de notre site Web. Ils comprennent, par exemple, des cookies qui vous permettent de vous connecter \u00e0 des zones s\u00e9curis\u00e9es de notre site Web, telles que le profil de votre compte.<\/li><li><strong>Cookies de performance.<\/strong> Ceux-ci nous permettent de reconna\u00eetre et de compter le nombre de visiteurs sur notre site Web et de voir comment les visiteurs se d\u00e9placent sur notre site Web lorsqu&#8217;ils l&#8217;utilisent. Cela nous permet d&#8217;am\u00e9liorer le fonctionnement de notre site, par exemple, en veillant \u00e0 ce que les utilisateurs trouvent facilement ce qu&#8217;ils cherchent.<\/li><li><strong>Cookies de fonctionnalit\u00e9.<\/strong> Ceux-ci sont utilis\u00e9s pour vous reconna\u00eetre lorsque vous revenez sur notre site Web, ce qui nous permet de personnaliser notre contenu pour vous, vous saluer par votre nom et vous rappeler vos pr\u00e9f\u00e9rences.<\/li><\/ul>\n\n\n\n<figure class=\"wp-block-table\"><table><tbody><tr><td><strong>nom des cookie<\/strong><\/td><td><strong>Editeur<\/strong><\/td><td><strong>Cat\u00e9gorie<\/strong><\/td><td><strong>Plus d\u2019infos<\/strong><\/td><\/tr><tr><td><strong>_ga, _gid, _gat, __utma, _utmb, __utmc, __utmz, _utmt<\/strong><\/td><td>Google<\/td><td>Performance<\/td><td>https:\/\/developers.google.com\/analytics\/devguides\/collection\/analyticsjs\/cookie-usage<\/td><\/tr><tr><td><strong>__lc.visitor_id.nnnnnnn, lc_window_state, autoinvite_callback<\/strong><\/td><td>LiveChat<\/td><td>Functional &nbsp;<\/td><td>https:\/\/www.livechatinc.com\/privacy-policy\/<\/td><\/tr><tr><td><strong>__distillery, muxData<\/strong><\/td><td>Wistia<\/td><td>Functional<\/td><td>https:\/\/wistia.com\/privacy<\/td><\/tr><tr><td><strong>__sharethis_cookie_test__, __unam<\/strong><\/td><td>ShareThis<\/td><td>Functional<\/td><td>http:\/\/www.sharethis.com\/privacy\/<\/td><\/tr><tr><td><strong>wp-settings-1, wp-settings-time-1<\/strong><\/td><td>WordPress<\/td><td>Functional<\/td><td>&nbsp;<\/td><\/tr><\/tbody><\/table><\/figure>\n\n\n\n<p>Nous nous r\u00e9servons le droit de modifier cette politique de cookies de temps en temps. Il est de votre responsabilit\u00e9 de v\u00e9rifier r\u00e9guli\u00e8rement si vous avez lu et accept\u00e9 la derni\u00e8re version de la politique des cookies applicable. Cette politique des cookies a \u00e9t\u00e9 mise \u00e0 jour le 25 mai 2018.<\/p>\n","protected":false},"excerpt":{"rendered":"<p>Notre site utilise des cookies pour vous distinguer des autres utilisateurs. Cela nous aide \u00e0 vous fournir une meilleure exp\u00e9rience lors de la navigation et nous permet \u00e9galement d&#8217;am\u00e9liorer notre site Web. Une invitation s&#8217;affiche dans le coin inf\u00e9rieur gauche de chaque page que vous visitez jusqu&#8217;\u00e0 ce que vous d\u00e9cidiez d&#8217;autoriser ou d&#8217;emp\u00eacher l&#8217;utilisation [&hellip;]<\/p>\n","protected":false},"author":1,"featured_media":0,"parent":0,"menu_order":0,"comment_status":"closed","ping_status":"closed","template":"simple.php","meta":{"_acf_changed":false,"footnotes":""},"class_list":["post-3470","page","type-page","status-publish","hentry"],"acf":[],"yoast_head":"<!-- This site is optimized with the Yoast SEO plugin v26.0 - https:\/\/yoast.com\/wordpress\/plugins\/seo\/ -->\n<title>Cookies - Arvitec<\/title>\n<meta name=\"robots\" content=\"index, follow, max-snippet:-1, max-image-preview:large, max-video-preview:-1\" \/>\n<link rel=\"canonical\" href=\"https:\/\/arvitec.com\/fr\/cookies\/\" \/>\n<meta property=\"og:locale\" content=\"en_GB\" \/>\n<meta property=\"og:type\" content=\"article\" \/>\n<meta property=\"og:title\" content=\"Cookies - Arvitec\" \/>\n<meta property=\"og:description\" content=\"Notre site utilise des cookies pour vous distinguer des autres utilisateurs. Cela nous aide \u00e0 vous fournir une meilleure exp\u00e9rience lors de la navigation et nous permet \u00e9galement d&#8217;am\u00e9liorer notre site Web. Une invitation s&#8217;affiche dans le coin inf\u00e9rieur gauche de chaque page que vous visitez jusqu&#8217;\u00e0 ce que vous d\u00e9cidiez d&#8217;autoriser ou d&#8217;emp\u00eacher l&#8217;utilisation [&hellip;]\" \/>\n<meta property=\"og:url\" content=\"https:\/\/arvitec.com\/fr\/cookies\/\" \/>\n<meta property=\"og:site_name\" content=\"Arvitec\" \/>\n<meta property=\"article:modified_time\" content=\"2020-04-01T10:31:51+00:00\" \/>\n<meta name=\"twitter:card\" content=\"summary_large_image\" \/>\n<meta name=\"twitter:label1\" content=\"Estimated reading time\" \/>\n\t<meta name=\"twitter:data1\" content=\"3 minutes\" \/>\n<script type=\"application\/ld+json\" class=\"yoast-schema-graph\">{\"@context\":\"https:\/\/schema.org\",\"@graph\":[{\"@type\":\"WebPage\",\"@id\":\"https:\/\/arvitec.com\/fr\/cookies\/\",\"url\":\"https:\/\/arvitec.com\/fr\/cookies\/\",\"name\":\"Cookies - Arvitec\",\"isPartOf\":{\"@id\":\"https:\/\/arvitec.com\/fr\/#website\"},\"datePublished\":\"2020-04-01T10:31:50+00:00\",\"dateModified\":\"2020-04-01T10:31:51+00:00\",\"breadcrumb\":{\"@id\":\"https:\/\/arvitec.com\/fr\/cookies\/#breadcrumb\"},\"inLanguage\":\"en-GB\",\"potentialAction\":[{\"@type\":\"ReadAction\",\"target\":[\"https:\/\/arvitec.com\/fr\/cookies\/\"]}]},{\"@type\":\"BreadcrumbList\",\"@id\":\"https:\/\/arvitec.com\/fr\/cookies\/#breadcrumb\",\"itemListElement\":[{\"@type\":\"ListItem\",\"position\":1,\"name\":\"Home\",\"item\":\"https:\/\/arvitec.com\/fr\/\"},{\"@type\":\"ListItem\",\"position\":2,\"name\":\"Cookies\"}]},{\"@type\":\"WebSite\",\"@id\":\"https:\/\/arvitec.com\/fr\/#website\",\"url\":\"https:\/\/arvitec.com\/fr\/\",\"name\":\"Arvitec\",\"description\":\"Advancing Extrusion Technology\",\"potentialAction\":[{\"@type\":\"SearchAction\",\"target\":{\"@type\":\"EntryPoint\",\"urlTemplate\":\"https:\/\/arvitec.com\/fr\/?s={search_term_string}\"},\"query-input\":{\"@type\":\"PropertyValueSpecification\",\"valueRequired\":true,\"valueName\":\"search_term_string\"}}],\"inLanguage\":\"en-GB\"}]}<\/script>\n<!-- \/ Yoast SEO plugin. -->","yoast_head_json":{"title":"Cookies - Arvitec","robots":{"index":"index","follow":"follow","max-snippet":"max-snippet:-1","max-image-preview":"max-image-preview:large","max-video-preview":"max-video-preview:-1"},"canonical":"https:\/\/arvitec.com\/fr\/cookies\/","og_locale":"en_GB","og_type":"article","og_title":"Cookies - Arvitec","og_description":"Notre site utilise des cookies pour vous distinguer des autres utilisateurs. Cela nous aide \u00e0 vous fournir une meilleure exp\u00e9rience lors de la navigation et nous permet \u00e9galement d&#8217;am\u00e9liorer notre site Web. Une invitation s&#8217;affiche dans le coin inf\u00e9rieur gauche de chaque page que vous visitez jusqu&#8217;\u00e0 ce que vous d\u00e9cidiez d&#8217;autoriser ou d&#8217;emp\u00eacher l&#8217;utilisation [&hellip;]","og_url":"https:\/\/arvitec.com\/fr\/cookies\/","og_site_name":"Arvitec","article_modified_time":"2020-04-01T10:31:51+00:00","twitter_card":"summary_large_image","twitter_misc":{"Estimated reading time":"3 minutes"},"schema":{"@context":"https:\/\/schema.org","@graph":[{"@type":"WebPage","@id":"https:\/\/arvitec.com\/fr\/cookies\/","url":"https:\/\/arvitec.com\/fr\/cookies\/","name":"Cookies - Arvitec","isPartOf":{"@id":"https:\/\/arvitec.com\/fr\/#website"},"datePublished":"2020-04-01T10:31:50+00:00","dateModified":"2020-04-01T10:31:51+00:00","breadcrumb":{"@id":"https:\/\/arvitec.com\/fr\/cookies\/#breadcrumb"},"inLanguage":"en-GB","potentialAction":[{"@type":"ReadAction","target":["https:\/\/arvitec.com\/fr\/cookies\/"]}]},{"@type":"BreadcrumbList","@id":"https:\/\/arvitec.com\/fr\/cookies\/#breadcrumb","itemListElement":[{"@type":"ListItem","position":1,"name":"Home","item":"https:\/\/arvitec.com\/fr\/"},{"@type":"ListItem","position":2,"name":"Cookies"}]},{"@type":"WebSite","@id":"https:\/\/arvitec.com\/fr\/#website","url":"https:\/\/arvitec.com\/fr\/","name":"Arvitec","description":"Advancing Extrusion Technology","potentialAction":[{"@type":"SearchAction","target":{"@type":"EntryPoint","urlTemplate":"https:\/\/arvitec.com\/fr\/?s={search_term_string}"},"query-input":{"@type":"PropertyValueSpecification","valueRequired":true,"valueName":"search_term_string"}}],"inLanguage":"en-GB"}]}},"_links":{"self":[{"href":"https:\/\/arvitec.com\/fr\/wp-json\/wp\/v2\/pages\/3470","targetHints":{"allow":["GET"]}}],"collection":[{"href":"https:\/\/arvitec.com\/fr\/wp-json\/wp\/v2\/pages"}],"about":[{"href":"https:\/\/arvitec.com\/fr\/wp-json\/wp\/v2\/types\/page"}],"author":[{"embeddable":true,"href":"https:\/\/arvitec.com\/fr\/wp-json\/wp\/v2\/users\/1"}],"replies":[{"embeddable":true,"href":"https:\/\/arvitec.com\/fr\/wp-json\/wp\/v2\/comments?post=3470"}],"version-history":[{"count":1,"href":"https:\/\/arvitec.com\/fr\/wp-json\/wp\/v2\/pages\/3470\/revisions"}],"predecessor-version":[{"id":3471,"href":"https:\/\/arvitec.com\/fr\/wp-json\/wp\/v2\/pages\/3470\/revisions\/3471"}],"wp:attachment":[{"href":"https:\/\/arvitec.com\/fr\/wp-json\/wp\/v2\/media?parent=3470"}],"curies":[{"name":"wp","href":"https:\/\/api.w.org\/{rel}","templated":true}]}}