{"id":92,"date":"2020-03-03T14:52:56","date_gmt":"2020-03-03T14:52:56","guid":{"rendered":"https:\/\/arvitec.com\/es\/?page_id=92"},"modified":"2020-04-01T14:21:21","modified_gmt":"2020-04-01T13:21:21","slug":"a-rf","status":"publish","type":"page","link":"https:\/\/arvitec.com\/es\/equipos-de-extrusion\/a-rf\/","title":{"rendered":"Perfiladora \u2013 A-RF"},"content":{"rendered":"\n<p>Perfiladora de flejes met\u00e1licos motoritzada, tanto para aluminio como acero, dise\u00f1ada para trabajar en proceso de extrusi\u00f3n en l\u00ednia. Una perfiladora se compone de:<\/p>\n\n\n\n<ul class=\"wp-block-list\"><li>Estructura fija. Fabricada con tubo estructural de acero soldado y pintado, con proteccions de policarbonato en una Puerta abatible y proteccions a la entrada y a la salida de la misma.<\/li><li>Motor de 1,5 Km de engranado directo mediante acople mec\u00e1nico. De f\u00e0cil lanclaje y desanclaje. Tambi\u00e9n dispone de una corra dentada para engranar los ejes.<\/li><li>Tren de laminaci\u00f3n. Mediante columnes de acero reforzadas, podemos compner diferentes soluciones para los diferentes perfiles a laminar. La m\u00e1quina admite desde 1 a 8 columnas. Este tren es re-utilizable para varios proyectos.<\/li><li>Guia de entrada para alinear el fleje + guia enderezado a la salida para eliminar las tensiones internes.<\/li><\/ul>\n\n\n\n<p>Facilmente sincronizable con la l\u00ednia de extrusi\u00f3n.<\/p>\n\n\n\n<p>\u00bfHa considerado combinar una de las m\u00e1quinas formadoras de rollos A-RF con una de nuestras extrusoras Genesis? Incluso podemos ayudarlo a construir una l\u00ednea de extrusi\u00f3n completa con nuestras soluciones de extrusi\u00f3n adaptadas a sus necesidades.<\/p>\n","protected":false},"excerpt":{"rendered":"<p>Perfiladora de flejes met\u00e1licos motoritzada, tanto para aluminio como acero, dise\u00f1ada para trabajar en proceso de extrusi\u00f3n en l\u00ednia. Una perfiladora se compone de: Estructura fija. Fabricada con tubo estructural de acero soldado y pintado, con proteccions de policarbonato en una Puerta abatible y proteccions a la entrada y a la salida de la misma. [&hellip;]<\/p>\n","protected":false},"author":1,"featured_media":0,"parent":37,"menu_order":0,"comment_status":"closed","ping_status":"closed","template":"machinery\/slide-five.php","meta":{"_acf_changed":false,"footnotes":""},"class_list":["post-92","page","type-page","status-publish","hentry"],"acf":[],"yoast_head":"<!-- This site is optimized with the Yoast SEO plugin v26.0 - https:\/\/yoast.com\/wordpress\/plugins\/seo\/ -->\n<title>Perfiladora \u2013 A-RF - Arvitec<\/title>\n<meta name=\"description\" content=\"Perfiladora de cintas met\u00e1licas motorizadas, tanto para aluminio como para acero, dise\u00f1adas para trabajar en el proceso de extrusi\u00f3n en l\u00ednea.\" \/>\n<meta name=\"robots\" content=\"index, follow, max-snippet:-1, max-image-preview:large, max-video-preview:-1\" \/>\n<link rel=\"canonical\" href=\"https:\/\/arvitec.com\/es\/equipos-de-extrusion\/#roll-forming\" \/>\n<meta property=\"og:locale\" content=\"en_GB\" \/>\n<meta property=\"og:type\" content=\"article\" \/>\n<meta property=\"og:title\" content=\"Perfiladora \u2013 A-RF - Arvitec\" \/>\n<meta property=\"og:description\" content=\"Perfiladora de cintas met\u00e1licas motorizadas, tanto para aluminio como para acero, dise\u00f1adas para trabajar en el proceso de extrusi\u00f3n en l\u00ednea.\" \/>\n<meta property=\"og:url\" content=\"https:\/\/arvitec.com\/es\/equipos-de-extrusion\/#roll-forming\" \/>\n<meta property=\"og:site_name\" content=\"Arvitec\" \/>\n<meta property=\"article:modified_time\" content=\"2020-04-01T13:21:21+00:00\" \/>\n<meta name=\"twitter:card\" content=\"summary_large_image\" \/>\n<meta name=\"twitter:label1\" content=\"Estimated reading time\" \/>\n\t<meta name=\"twitter:data1\" content=\"1 minute\" \/>\n<script type=\"application\/ld+json\" class=\"yoast-schema-graph\">{\"@context\":\"https:\/\/schema.org\",\"@graph\":[{\"@type\":\"WebPage\",\"@id\":\"https:\/\/arvitec.com\/es\/equipos-de-extrusion\/a-rf\/\",\"url\":\"https:\/\/arvitec.com\/es\/equipos-de-extrusion\/#roll-forming\",\"name\":\"Perfiladora \u2013 A-RF - Arvitec\",\"isPartOf\":{\"@id\":\"https:\/\/arvitec.com\/es\/#website\"},\"datePublished\":\"2020-03-03T14:52:56+00:00\",\"dateModified\":\"2020-04-01T13:21:21+00:00\",\"description\":\"Perfiladora de cintas met\u00e1licas motorizadas, tanto para aluminio como para acero, dise\u00f1adas para trabajar en el proceso de extrusi\u00f3n en l\u00ednea.\",\"breadcrumb\":{\"@id\":\"https:\/\/arvitec.com\/es\/equipos-de-extrusion\/#roll-forming#breadcrumb\"},\"inLanguage\":\"en-GB\",\"potentialAction\":[{\"@type\":\"ReadAction\",\"target\":[\"https:\/\/arvitec.com\/es\/equipos-de-extrusion\/#roll-forming\"]}]},{\"@type\":\"BreadcrumbList\",\"@id\":\"https:\/\/arvitec.com\/es\/equipos-de-extrusion\/#roll-forming#breadcrumb\",\"itemListElement\":[{\"@type\":\"ListItem\",\"position\":1,\"name\":\"Home\",\"item\":\"https:\/\/arvitec.com\/es\/\"},{\"@type\":\"ListItem\",\"position\":2,\"name\":\"Maquinaria\",\"item\":\"https:\/\/arvitec.com\/es\/equipos-de-extrusion\/\"},{\"@type\":\"ListItem\",\"position\":3,\"name\":\"Perfiladora \u2013 A-RF\"}]},{\"@type\":\"WebSite\",\"@id\":\"https:\/\/arvitec.com\/es\/#website\",\"url\":\"https:\/\/arvitec.com\/es\/\",\"name\":\"Arvitec\",\"description\":\"Advancing Extrusion Technology\",\"potentialAction\":[{\"@type\":\"SearchAction\",\"target\":{\"@type\":\"EntryPoint\",\"urlTemplate\":\"https:\/\/arvitec.com\/es\/?s={search_term_string}\"},\"query-input\":{\"@type\":\"PropertyValueSpecification\",\"valueRequired\":true,\"valueName\":\"search_term_string\"}}],\"inLanguage\":\"en-GB\"}]}<\/script>\n<!-- \/ Yoast SEO plugin. -->","yoast_head_json":{"title":"Perfiladora \u2013 A-RF - Arvitec","description":"Perfiladora de cintas met\u00e1licas motorizadas, tanto para aluminio como para acero, dise\u00f1adas para trabajar en el proceso de extrusi\u00f3n en l\u00ednea.","robots":{"index":"index","follow":"follow","max-snippet":"max-snippet:-1","max-image-preview":"max-image-preview:large","max-video-preview":"max-video-preview:-1"},"canonical":"https:\/\/arvitec.com\/es\/equipos-de-extrusion\/#roll-forming","og_locale":"en_GB","og_type":"article","og_title":"Perfiladora \u2013 A-RF - Arvitec","og_description":"Perfiladora de cintas met\u00e1licas motorizadas, tanto para aluminio como para acero, dise\u00f1adas para trabajar en el proceso de extrusi\u00f3n en l\u00ednea.","og_url":"https:\/\/arvitec.com\/es\/equipos-de-extrusion\/#roll-forming","og_site_name":"Arvitec","article_modified_time":"2020-04-01T13:21:21+00:00","twitter_card":"summary_large_image","twitter_misc":{"Estimated reading time":"1 minute"},"schema":{"@context":"https:\/\/schema.org","@graph":[{"@type":"WebPage","@id":"https:\/\/arvitec.com\/es\/equipos-de-extrusion\/a-rf\/","url":"https:\/\/arvitec.com\/es\/equipos-de-extrusion\/#roll-forming","name":"Perfiladora \u2013 A-RF - Arvitec","isPartOf":{"@id":"https:\/\/arvitec.com\/es\/#website"},"datePublished":"2020-03-03T14:52:56+00:00","dateModified":"2020-04-01T13:21:21+00:00","description":"Perfiladora de cintas met\u00e1licas motorizadas, tanto para aluminio como para acero, dise\u00f1adas para trabajar en el proceso de extrusi\u00f3n en l\u00ednea.","breadcrumb":{"@id":"https:\/\/arvitec.com\/es\/equipos-de-extrusion\/#roll-forming#breadcrumb"},"inLanguage":"en-GB","potentialAction":[{"@type":"ReadAction","target":["https:\/\/arvitec.com\/es\/equipos-de-extrusion\/#roll-forming"]}]},{"@type":"BreadcrumbList","@id":"https:\/\/arvitec.com\/es\/equipos-de-extrusion\/#roll-forming#breadcrumb","itemListElement":[{"@type":"ListItem","position":1,"name":"Home","item":"https:\/\/arvitec.com\/es\/"},{"@type":"ListItem","position":2,"name":"Maquinaria","item":"https:\/\/arvitec.com\/es\/equipos-de-extrusion\/"},{"@type":"ListItem","position":3,"name":"Perfiladora \u2013 A-RF"}]},{"@type":"WebSite","@id":"https:\/\/arvitec.com\/es\/#website","url":"https:\/\/arvitec.com\/es\/","name":"Arvitec","description":"Advancing Extrusion Technology","potentialAction":[{"@type":"SearchAction","target":{"@type":"EntryPoint","urlTemplate":"https:\/\/arvitec.com\/es\/?s={search_term_string}"},"query-input":{"@type":"PropertyValueSpecification","valueRequired":true,"valueName":"search_term_string"}}],"inLanguage":"en-GB"}]}},"_links":{"self":[{"href":"https:\/\/arvitec.com\/es\/wp-json\/wp\/v2\/pages\/92","targetHints":{"allow":["GET"]}}],"collection":[{"href":"https:\/\/arvitec.com\/es\/wp-json\/wp\/v2\/pages"}],"about":[{"href":"https:\/\/arvitec.com\/es\/wp-json\/wp\/v2\/types\/page"}],"author":[{"embeddable":true,"href":"https:\/\/arvitec.com\/es\/wp-json\/wp\/v2\/users\/1"}],"replies":[{"embeddable":true,"href":"https:\/\/arvitec.com\/es\/wp-json\/wp\/v2\/comments?post=92"}],"version-history":[{"count":7,"href":"https:\/\/arvitec.com\/es\/wp-json\/wp\/v2\/pages\/92\/revisions"}],"predecessor-version":[{"id":3469,"href":"https:\/\/arvitec.com\/es\/wp-json\/wp\/v2\/pages\/92\/revisions\/3469"}],"up":[{"embeddable":true,"href":"https:\/\/arvitec.com\/es\/wp-json\/wp\/v2\/pages\/37"}],"wp:attachment":[{"href":"https:\/\/arvitec.com\/es\/wp-json\/wp\/v2\/media?parent=92"}],"curies":[{"name":"wp","href":"https:\/\/api.w.org\/{rel}","templated":true}]}}