{"id":88,"date":"2020-03-03T14:52:36","date_gmt":"2020-03-03T14:52:36","guid":{"rendered":"https:\/\/arvitec.com\/es\/?page_id=88"},"modified":"2020-04-01T14:21:03","modified_gmt":"2020-04-01T13:21:03","slug":"a-fu","status":"publish","type":"page","link":"https:\/\/arvitec.com\/es\/equipos-de-extrusion\/a-fu\/","title":{"rendered":"Cinta Flocada D\u00e9vidoir &#8211; A-FU"},"content":{"rendered":"\n<p><strong>Un desbobinador dise\u00f1ado para entregar cinta flocada a una l\u00ednea de extrusi\u00f3n.<\/strong><\/p>\n\n\n\n<p>Desbobinador para cinta flocada, rollo horizontal o vertical de 2000 mts.<\/p>\n\n\n\n<p>Sistema de guiado estable sin problemas de estiramientos.<\/p>\n\n\n\n<p>Soporte de bobines motorizado con sensor \u00f3ptico para garantozar estabilidad en la tensi\u00f3n practicamente cero.<br>\nPosibilidad de desbobinador simple, doble, triple o cu\u00e1druple.<\/p>\n\n\n\n<p>Estrictamente necesaria para desbobinar cinta de flock.<br>\nSu f\u00e0cil manejo y estabilidad del proceso hacen del desbobinador de Flock tape una m\u00e1quina essencial para el proceso de coestrusi\u00f3n para lamelunas con varias cintes flocadas.<\/p>\n\n\n\n<p>M\u00e1quina con alimentaci\u00f3n trif\u00e0sica 220v que utiliza un motoreductor de 0,5 Kw para cada carrete de cinta flocada. Clolor de la m\u00e1quina seg\u00fan las especificaciones del cliente.<\/p>\n\n\n\n<p>Disponemos de dos modalidades de funcionamiento:<\/p>\n\n\n\n<ul class=\"wp-block-list\"><li><strong>Modo Manual:<\/strong> equipado con potenciometro manual capaz de alcanzar 30m\/min de dinta desbobinada.<\/li><li><strong>Modo Autom\u00e1tico:<\/strong> Se ajuta la velocidad desde el panel de la extrusora mendiante una c\u00e8l\u00b7lula. Velocidad recomendada 10-15 m\/min.<\/li><\/ul>\n\n\n\n<p>El A-FU est\u00e1 asociado con una de nuestras m\u00e1quinas extrusoras Genesis. O incluso podemos ayudarlo a construir una l\u00ednea de extrusi\u00f3n completa con nuestras soluciones de extrusi\u00f3n llave en mano.<\/p>\n","protected":false},"excerpt":{"rendered":"<p>Un desbobinador dise\u00f1ado para entregar cinta flocada a una l\u00ednea de extrusi\u00f3n. Desbobinador para cinta flocada, rollo horizontal o vertical de 2000 mts. Sistema de guiado estable sin problemas de estiramientos. Soporte de bobines motorizado con sensor \u00f3ptico para garantozar estabilidad en la tensi\u00f3n practicamente cero. Posibilidad de desbobinador simple, doble, triple o cu\u00e1druple. Estrictamente [&hellip;]<\/p>\n","protected":false},"author":1,"featured_media":0,"parent":37,"menu_order":0,"comment_status":"closed","ping_status":"closed","template":"machinery\/slide-three.php","meta":{"_acf_changed":false,"footnotes":""},"class_list":["post-88","page","type-page","status-publish","hentry"],"acf":[],"yoast_head":"<!-- This site is optimized with the Yoast SEO plugin v26.0 - https:\/\/yoast.com\/wordpress\/plugins\/seo\/ -->\n<title>Cinta Flocada D\u00e9vidoir - A-FU - Arvitec<\/title>\n<meta name=\"description\" content=\"Un desbobinador de cinta flocada para una l\u00ednea de extrusi\u00f3n. Desbobinador para cinta flock de uno a cuatro rollos, con avisador de empalmes y final de cinta.\" \/>\n<meta name=\"robots\" content=\"index, follow, max-snippet:-1, max-image-preview:large, max-video-preview:-1\" \/>\n<link rel=\"canonical\" href=\"https:\/\/arvitec.com\/es\/equipos-de-extrusion\/#flock-unwinder\" \/>\n<meta property=\"og:locale\" content=\"en_GB\" \/>\n<meta property=\"og:type\" content=\"article\" \/>\n<meta property=\"og:title\" content=\"Cinta Flocada D\u00e9vidoir - A-FU - Arvitec\" \/>\n<meta property=\"og:description\" content=\"Un desbobinador de cinta flocada para una l\u00ednea de extrusi\u00f3n. Desbobinador para cinta flock de uno a cuatro rollos, con avisador de empalmes y final de cinta.\" \/>\n<meta property=\"og:url\" content=\"https:\/\/arvitec.com\/es\/equipos-de-extrusion\/#flock-unwinder\" \/>\n<meta property=\"og:site_name\" content=\"Arvitec\" \/>\n<meta property=\"article:modified_time\" content=\"2020-04-01T13:21:03+00:00\" \/>\n<meta name=\"twitter:card\" content=\"summary_large_image\" \/>\n<meta name=\"twitter:label1\" content=\"Estimated reading time\" \/>\n\t<meta name=\"twitter:data1\" content=\"1 minute\" \/>\n<script type=\"application\/ld+json\" class=\"yoast-schema-graph\">{\"@context\":\"https:\/\/schema.org\",\"@graph\":[{\"@type\":\"WebPage\",\"@id\":\"https:\/\/arvitec.com\/es\/equipos-de-extrusion\/a-fu\/\",\"url\":\"https:\/\/arvitec.com\/es\/equipos-de-extrusion\/#flock-unwinder\",\"name\":\"Cinta Flocada D\u00e9vidoir - A-FU - Arvitec\",\"isPartOf\":{\"@id\":\"https:\/\/arvitec.com\/es\/#website\"},\"datePublished\":\"2020-03-03T14:52:36+00:00\",\"dateModified\":\"2020-04-01T13:21:03+00:00\",\"description\":\"Un desbobinador de cinta flocada para una l\u00ednea de extrusi\u00f3n. Desbobinador para cinta flock de uno a cuatro rollos, con avisador de empalmes y final de cinta.\",\"breadcrumb\":{\"@id\":\"https:\/\/arvitec.com\/es\/equipos-de-extrusion\/#flock-unwinder#breadcrumb\"},\"inLanguage\":\"en-GB\",\"potentialAction\":[{\"@type\":\"ReadAction\",\"target\":[\"https:\/\/arvitec.com\/es\/equipos-de-extrusion\/#flock-unwinder\"]}]},{\"@type\":\"BreadcrumbList\",\"@id\":\"https:\/\/arvitec.com\/es\/equipos-de-extrusion\/#flock-unwinder#breadcrumb\",\"itemListElement\":[{\"@type\":\"ListItem\",\"position\":1,\"name\":\"Home\",\"item\":\"https:\/\/arvitec.com\/es\/\"},{\"@type\":\"ListItem\",\"position\":2,\"name\":\"Maquinaria\",\"item\":\"https:\/\/arvitec.com\/es\/equipos-de-extrusion\/\"},{\"@type\":\"ListItem\",\"position\":3,\"name\":\"Cinta Flocada D\u00e9vidoir &#8211; A-FU\"}]},{\"@type\":\"WebSite\",\"@id\":\"https:\/\/arvitec.com\/es\/#website\",\"url\":\"https:\/\/arvitec.com\/es\/\",\"name\":\"Arvitec\",\"description\":\"Advancing Extrusion Technology\",\"potentialAction\":[{\"@type\":\"SearchAction\",\"target\":{\"@type\":\"EntryPoint\",\"urlTemplate\":\"https:\/\/arvitec.com\/es\/?s={search_term_string}\"},\"query-input\":{\"@type\":\"PropertyValueSpecification\",\"valueRequired\":true,\"valueName\":\"search_term_string\"}}],\"inLanguage\":\"en-GB\"}]}<\/script>\n<!-- \/ Yoast SEO plugin. -->","yoast_head_json":{"title":"Cinta Flocada D\u00e9vidoir - A-FU - Arvitec","description":"Un desbobinador de cinta flocada para una l\u00ednea de extrusi\u00f3n. Desbobinador para cinta flock de uno a cuatro rollos, con avisador de empalmes y final de cinta.","robots":{"index":"index","follow":"follow","max-snippet":"max-snippet:-1","max-image-preview":"max-image-preview:large","max-video-preview":"max-video-preview:-1"},"canonical":"https:\/\/arvitec.com\/es\/equipos-de-extrusion\/#flock-unwinder","og_locale":"en_GB","og_type":"article","og_title":"Cinta Flocada D\u00e9vidoir - A-FU - Arvitec","og_description":"Un desbobinador de cinta flocada para una l\u00ednea de extrusi\u00f3n. Desbobinador para cinta flock de uno a cuatro rollos, con avisador de empalmes y final de cinta.","og_url":"https:\/\/arvitec.com\/es\/equipos-de-extrusion\/#flock-unwinder","og_site_name":"Arvitec","article_modified_time":"2020-04-01T13:21:03+00:00","twitter_card":"summary_large_image","twitter_misc":{"Estimated reading time":"1 minute"},"schema":{"@context":"https:\/\/schema.org","@graph":[{"@type":"WebPage","@id":"https:\/\/arvitec.com\/es\/equipos-de-extrusion\/a-fu\/","url":"https:\/\/arvitec.com\/es\/equipos-de-extrusion\/#flock-unwinder","name":"Cinta Flocada D\u00e9vidoir - A-FU - Arvitec","isPartOf":{"@id":"https:\/\/arvitec.com\/es\/#website"},"datePublished":"2020-03-03T14:52:36+00:00","dateModified":"2020-04-01T13:21:03+00:00","description":"Un desbobinador de cinta flocada para una l\u00ednea de extrusi\u00f3n. Desbobinador para cinta flock de uno a cuatro rollos, con avisador de empalmes y final de cinta.","breadcrumb":{"@id":"https:\/\/arvitec.com\/es\/equipos-de-extrusion\/#flock-unwinder#breadcrumb"},"inLanguage":"en-GB","potentialAction":[{"@type":"ReadAction","target":["https:\/\/arvitec.com\/es\/equipos-de-extrusion\/#flock-unwinder"]}]},{"@type":"BreadcrumbList","@id":"https:\/\/arvitec.com\/es\/equipos-de-extrusion\/#flock-unwinder#breadcrumb","itemListElement":[{"@type":"ListItem","position":1,"name":"Home","item":"https:\/\/arvitec.com\/es\/"},{"@type":"ListItem","position":2,"name":"Maquinaria","item":"https:\/\/arvitec.com\/es\/equipos-de-extrusion\/"},{"@type":"ListItem","position":3,"name":"Cinta Flocada D\u00e9vidoir &#8211; A-FU"}]},{"@type":"WebSite","@id":"https:\/\/arvitec.com\/es\/#website","url":"https:\/\/arvitec.com\/es\/","name":"Arvitec","description":"Advancing Extrusion Technology","potentialAction":[{"@type":"SearchAction","target":{"@type":"EntryPoint","urlTemplate":"https:\/\/arvitec.com\/es\/?s={search_term_string}"},"query-input":{"@type":"PropertyValueSpecification","valueRequired":true,"valueName":"search_term_string"}}],"inLanguage":"en-GB"}]}},"_links":{"self":[{"href":"https:\/\/arvitec.com\/es\/wp-json\/wp\/v2\/pages\/88","targetHints":{"allow":["GET"]}}],"collection":[{"href":"https:\/\/arvitec.com\/es\/wp-json\/wp\/v2\/pages"}],"about":[{"href":"https:\/\/arvitec.com\/es\/wp-json\/wp\/v2\/types\/page"}],"author":[{"embeddable":true,"href":"https:\/\/arvitec.com\/es\/wp-json\/wp\/v2\/users\/1"}],"replies":[{"embeddable":true,"href":"https:\/\/arvitec.com\/es\/wp-json\/wp\/v2\/comments?post=88"}],"version-history":[{"count":12,"href":"https:\/\/arvitec.com\/es\/wp-json\/wp\/v2\/pages\/88\/revisions"}],"predecessor-version":[{"id":3466,"href":"https:\/\/arvitec.com\/es\/wp-json\/wp\/v2\/pages\/88\/revisions\/3466"}],"up":[{"embeddable":true,"href":"https:\/\/arvitec.com\/es\/wp-json\/wp\/v2\/pages\/37"}],"wp:attachment":[{"href":"https:\/\/arvitec.com\/es\/wp-json\/wp\/v2\/media?parent=88"}],"curies":[{"name":"wp","href":"https:\/\/api.w.org\/{rel}","templated":true}]}}