{"id":42,"date":"2020-02-27T15:08:06","date_gmt":"2020-02-27T15:08:06","guid":{"rendered":"https:\/\/arvitec.com\/?page_id=42"},"modified":"2020-04-01T12:26:07","modified_gmt":"2020-04-01T11:26:07","slug":"id","status":"publish","type":"page","link":"https:\/\/arvitec.com\/es\/id\/","title":{"rendered":"R&amp;D"},"content":{"rendered":"\n<p>Arvitec ha avanzado en la tecnolog\u00eda de extrusi\u00f3n de perfiles t\u00e9cnicos durante m\u00e1s de 25 a\u00f1os.<\/p>\n\n\n\n<p>El desarrollo y la investigacion forman parte fundamental del ADN de Arvitec, en cada proyecto aumentamos nuestro conocimento y lo aplicamos en el siguiente.<\/p>\n\n\n\n<p>La evoluci\u00f3n e investigaci\u00f3n constituyen el ADN de Arvitec, la creaci\u00f3n de innovaciones en la tecnolog\u00eda de la coextrusi\u00f3n, ha sido una constante en desarrollo de los m\u00e1s de 5000 proyectos resueltos con \u00e9xito.<\/p>\n\n\n\n<h3 class=\"wp-block-heading\">Tecnolog\u00eda<\/h3>\n\n\n\n<p>A lo largo de los a\u00f1os hemos sido capaces de desarrollar innovaciones para el coextruido de multicomponentes y gracias a nuestro cabezal universal nos hemos convertido en pioneros en la extrusi\u00f3n de 10 componentes con el nuevo sistema de extrusi\u00f3n en dos etapas o coextrusi\u00f3n de doble fase.<\/p>\n\n\n\n<p>Nuestra tecnolog\u00eda nos permite ofrecer hileras y calibradores para fabricar perfiles destinados a diferentes sectores como automoci\u00f3n, construcci\u00f3n, alimentaci\u00f3n, decoraci\u00f3n y electrodom\u00e9sticos.<\/p>\n\n\n\n<p>Estamos tambi\u00e9n a la cabeza en la poli uni\u00f3n de tubos, burletes y perfiles muy complejos con inserciones de almas met\u00e1licas, como el acero o el aluminio.<\/p>\n\n\n\n<p>Evolucionamos tambi\u00e9n la aplicaci\u00f3n de cinta flocada en la misma l\u00ednea de extrusi\u00f3n, un avance muy bien recibido por nuestros clientes ya que les permite:<\/p>\n\n\n\n<ul class=\"wp-block-list\"><li>Reducir el scrab<\/li><li>Ampliar la longitud de aplicaci\u00f3n<\/li><li>Mejor calidad en el acabado, ya que este es m\u00e1s uniforme<\/li><li>Reducir los costes de producci\u00f3n.<\/li><\/ul>\n\n\n\n<h3 class=\"wp-block-heading\">3D<\/h3>\n\n\n\n<p>Actualmente estamos investigando y perfeccionando la tecnolog\u00eda en extrusi\u00f3n de filamento para impresoras 3D, principalmente con los materiales m\u00e1s empleados ABS y PLA.<\/p>\n","protected":false},"excerpt":{"rendered":"<p>Arvitec ha avanzado en la tecnolog\u00eda de extrusi\u00f3n de perfiles t\u00e9cnicos durante m\u00e1s de 25 a\u00f1os. El desarrollo y la investigacion forman parte fundamental del ADN de Arvitec, en cada proyecto aumentamos nuestro conocimento y lo aplicamos en el siguiente. La evoluci\u00f3n e investigaci\u00f3n constituyen el ADN de Arvitec, la creaci\u00f3n de innovaciones en la [&hellip;]<\/p>\n","protected":false},"author":1,"featured_media":0,"parent":0,"menu_order":0,"comment_status":"closed","ping_status":"closed","template":"rd.php","meta":{"_acf_changed":false,"footnotes":""},"class_list":["post-42","page","type-page","status-publish","hentry"],"acf":[],"yoast_head":"<!-- This site is optimized with the Yoast SEO plugin v26.0 - https:\/\/yoast.com\/wordpress\/plugins\/seo\/ -->\n<title>R&amp;D - Arvitec<\/title>\n<meta name=\"description\" content=\"Arvitec se ha dedicado a la investigaci\u00f3n y desarrollo de nuevos productos y sistemas de extrusion innovadores durante m\u00e1s de 25 a\u00f1os.\" \/>\n<meta name=\"robots\" content=\"index, follow, max-snippet:-1, max-image-preview:large, max-video-preview:-1\" \/>\n<link rel=\"canonical\" href=\"https:\/\/arvitec.com\/es\/id\/\" \/>\n<meta property=\"og:locale\" content=\"en_GB\" \/>\n<meta property=\"og:type\" content=\"article\" \/>\n<meta property=\"og:title\" content=\"R&amp;D - Arvitec\" \/>\n<meta property=\"og:description\" content=\"Arvitec se ha dedicado a la investigaci\u00f3n y desarrollo de nuevos productos y sistemas de extrusion innovadores durante m\u00e1s de 25 a\u00f1os.\" \/>\n<meta property=\"og:url\" content=\"https:\/\/arvitec.com\/es\/id\/\" \/>\n<meta property=\"og:site_name\" content=\"Arvitec\" \/>\n<meta property=\"article:modified_time\" content=\"2020-04-01T11:26:07+00:00\" \/>\n<meta name=\"twitter:card\" content=\"summary_large_image\" \/>\n<meta name=\"twitter:label1\" content=\"Estimated reading time\" \/>\n\t<meta name=\"twitter:data1\" content=\"1 minute\" \/>\n<script type=\"application\/ld+json\" class=\"yoast-schema-graph\">{\"@context\":\"https:\/\/schema.org\",\"@graph\":[{\"@type\":\"WebPage\",\"@id\":\"https:\/\/arvitec.com\/es\/id\/\",\"url\":\"https:\/\/arvitec.com\/es\/id\/\",\"name\":\"R&amp;D - Arvitec\",\"isPartOf\":{\"@id\":\"https:\/\/arvitec.com\/es\/#website\"},\"datePublished\":\"2020-02-27T15:08:06+00:00\",\"dateModified\":\"2020-04-01T11:26:07+00:00\",\"description\":\"Arvitec se ha dedicado a la investigaci\u00f3n y desarrollo de nuevos productos y sistemas de extrusion innovadores durante m\u00e1s de 25 a\u00f1os.\",\"breadcrumb\":{\"@id\":\"https:\/\/arvitec.com\/es\/id\/#breadcrumb\"},\"inLanguage\":\"en-GB\",\"potentialAction\":[{\"@type\":\"ReadAction\",\"target\":[\"https:\/\/arvitec.com\/es\/id\/\"]}]},{\"@type\":\"BreadcrumbList\",\"@id\":\"https:\/\/arvitec.com\/es\/id\/#breadcrumb\",\"itemListElement\":[{\"@type\":\"ListItem\",\"position\":1,\"name\":\"Home\",\"item\":\"https:\/\/arvitec.com\/es\/\"},{\"@type\":\"ListItem\",\"position\":2,\"name\":\"R&amp;D\"}]},{\"@type\":\"WebSite\",\"@id\":\"https:\/\/arvitec.com\/es\/#website\",\"url\":\"https:\/\/arvitec.com\/es\/\",\"name\":\"Arvitec\",\"description\":\"Advancing Extrusion Technology\",\"potentialAction\":[{\"@type\":\"SearchAction\",\"target\":{\"@type\":\"EntryPoint\",\"urlTemplate\":\"https:\/\/arvitec.com\/es\/?s={search_term_string}\"},\"query-input\":{\"@type\":\"PropertyValueSpecification\",\"valueRequired\":true,\"valueName\":\"search_term_string\"}}],\"inLanguage\":\"en-GB\"}]}<\/script>\n<!-- \/ Yoast SEO plugin. -->","yoast_head_json":{"title":"R&amp;D - Arvitec","description":"Arvitec se ha dedicado a la investigaci\u00f3n y desarrollo de nuevos productos y sistemas de extrusion innovadores durante m\u00e1s de 25 a\u00f1os.","robots":{"index":"index","follow":"follow","max-snippet":"max-snippet:-1","max-image-preview":"max-image-preview:large","max-video-preview":"max-video-preview:-1"},"canonical":"https:\/\/arvitec.com\/es\/id\/","og_locale":"en_GB","og_type":"article","og_title":"R&amp;D - Arvitec","og_description":"Arvitec se ha dedicado a la investigaci\u00f3n y desarrollo de nuevos productos y sistemas de extrusion innovadores durante m\u00e1s de 25 a\u00f1os.","og_url":"https:\/\/arvitec.com\/es\/id\/","og_site_name":"Arvitec","article_modified_time":"2020-04-01T11:26:07+00:00","twitter_card":"summary_large_image","twitter_misc":{"Estimated reading time":"1 minute"},"schema":{"@context":"https:\/\/schema.org","@graph":[{"@type":"WebPage","@id":"https:\/\/arvitec.com\/es\/id\/","url":"https:\/\/arvitec.com\/es\/id\/","name":"R&amp;D - Arvitec","isPartOf":{"@id":"https:\/\/arvitec.com\/es\/#website"},"datePublished":"2020-02-27T15:08:06+00:00","dateModified":"2020-04-01T11:26:07+00:00","description":"Arvitec se ha dedicado a la investigaci\u00f3n y desarrollo de nuevos productos y sistemas de extrusion innovadores durante m\u00e1s de 25 a\u00f1os.","breadcrumb":{"@id":"https:\/\/arvitec.com\/es\/id\/#breadcrumb"},"inLanguage":"en-GB","potentialAction":[{"@type":"ReadAction","target":["https:\/\/arvitec.com\/es\/id\/"]}]},{"@type":"BreadcrumbList","@id":"https:\/\/arvitec.com\/es\/id\/#breadcrumb","itemListElement":[{"@type":"ListItem","position":1,"name":"Home","item":"https:\/\/arvitec.com\/es\/"},{"@type":"ListItem","position":2,"name":"R&amp;D"}]},{"@type":"WebSite","@id":"https:\/\/arvitec.com\/es\/#website","url":"https:\/\/arvitec.com\/es\/","name":"Arvitec","description":"Advancing Extrusion Technology","potentialAction":[{"@type":"SearchAction","target":{"@type":"EntryPoint","urlTemplate":"https:\/\/arvitec.com\/es\/?s={search_term_string}"},"query-input":{"@type":"PropertyValueSpecification","valueRequired":true,"valueName":"search_term_string"}}],"inLanguage":"en-GB"}]}},"_links":{"self":[{"href":"https:\/\/arvitec.com\/es\/wp-json\/wp\/v2\/pages\/42","targetHints":{"allow":["GET"]}}],"collection":[{"href":"https:\/\/arvitec.com\/es\/wp-json\/wp\/v2\/pages"}],"about":[{"href":"https:\/\/arvitec.com\/es\/wp-json\/wp\/v2\/types\/page"}],"author":[{"embeddable":true,"href":"https:\/\/arvitec.com\/es\/wp-json\/wp\/v2\/users\/1"}],"replies":[{"embeddable":true,"href":"https:\/\/arvitec.com\/es\/wp-json\/wp\/v2\/comments?post=42"}],"version-history":[{"count":6,"href":"https:\/\/arvitec.com\/es\/wp-json\/wp\/v2\/pages\/42\/revisions"}],"predecessor-version":[{"id":3462,"href":"https:\/\/arvitec.com\/es\/wp-json\/wp\/v2\/pages\/42\/revisions\/3462"}],"wp:attachment":[{"href":"https:\/\/arvitec.com\/es\/wp-json\/wp\/v2\/media?parent=42"}],"curies":[{"name":"wp","href":"https:\/\/api.w.org\/{rel}","templated":true}]}}