{"id":41,"date":"2020-02-27T14:39:48","date_gmt":"2020-02-27T14:39:48","guid":{"rendered":"https:\/\/arvitec.com\/?page_id=40"},"modified":"2025-04-03T15:47:29","modified_gmt":"2025-04-03T14:47:29","slug":"empresa","status":"publish","type":"page","link":"https:\/\/arvitec.com\/es\/empresa\/","title":{"rendered":"Empresa"},"content":{"rendered":"\n<p>Arvitec ha avanzado en la tecnolog\u00eda de extrusi\u00f3n de perfiles t\u00e9cnicos durante m\u00e1s de 25 a\u00f1os. Dando su apoyo a los fabricantes de pol\u00edmeros para extrusi\u00f3n de perfiles termo pl\u00e1sticos ayudando en la producci\u00f3n de productos normalizados de la m\u00e1s alta calidad, a trav\u00e9s de ingenier\u00eda experta y desarrollo de procesos pioneros.<\/p>\n\n\n\n<p><strong>Oficina T\u00e9cnica<\/strong><\/p>\n\n\n\n<p>Nuestro departamento de dise\u00f1o de perfiles est\u00e1 formado por ingenieros con experiencia pr\u00e1ctica en el proceso de termopl\u00e1sticos, eso nos permite una oext comprensi\u00f3n del comportamiento de los perfiles y los materiales con los que trabajaran, dotando a Arvitec de una gran adaptabilidad y oextrusi en la resoluci\u00f3n de los problemas que presenta la tecnolog\u00eda de coextrusion.<\/p>\n\n\n\n<p><strong>Servicio t\u00e9cnico<\/strong><\/p>\n\n\n\n<p>Contamos con un equipo t\u00e9cnico con una dilatada experiencia en el desarrollo, fabricaci\u00f3n y ajuste de todo tipo de utillajes relacionados con la tecnolog\u00eda de la extrusi\u00f3n y coextrusi\u00f3n de termopl\u00e1sticos.<\/p>\n\n\n\n<p>Nuestros especialistas est\u00e1n preparados para viajar a cualquier parte del globo para la puesta en marcha de nuestras hileras y calibraci\u00f3n de las l\u00edneas de extruido para su correcto funcionamiento.<\/p>\n","protected":false},"excerpt":{"rendered":"<p>Arvitec ha avanzado en la tecnolog\u00eda de extrusi\u00f3n de perfiles t\u00e9cnicos durante m\u00e1s de 25 a\u00f1os. Dando su apoyo a los fabricantes de pol\u00edmeros para extrusi\u00f3n de perfiles termo pl\u00e1sticos ayudando en la producci\u00f3n de productos normalizados de la m\u00e1s alta calidad, a trav\u00e9s de ingenier\u00eda experta y desarrollo de procesos pioneros. Oficina T\u00e9cnica Nuestro [&hellip;]<\/p>\n","protected":false},"author":1,"featured_media":0,"parent":0,"menu_order":0,"comment_status":"closed","ping_status":"closed","template":"about.php","meta":{"_acf_changed":false,"footnotes":""},"class_list":["post-41","page","type-page","status-publish","hentry"],"acf":[],"yoast_head":"<!-- This site is optimized with the Yoast SEO plugin v26.0 - https:\/\/yoast.com\/wordpress\/plugins\/seo\/ -->\n<title>Empresa - Arvitec<\/title>\n<meta name=\"description\" content=\"Arvitec ha desarrollado su propia tecnolog\u00eda de extrusi\u00f3n durante m\u00e1s de 25 a\u00f1os. Obtenga m\u00e1s informaci\u00f3n sobre nuestro taller, oficinas, personas e historia.\" \/>\n<meta name=\"robots\" content=\"index, follow, max-snippet:-1, max-image-preview:large, max-video-preview:-1\" \/>\n<link rel=\"canonical\" href=\"https:\/\/arvitec.com\/es\/empresa\/\" \/>\n<meta property=\"og:locale\" content=\"en_GB\" \/>\n<meta property=\"og:type\" content=\"article\" \/>\n<meta property=\"og:title\" content=\"Empresa - Arvitec\" \/>\n<meta property=\"og:description\" content=\"Arvitec ha desarrollado su propia tecnolog\u00eda de extrusi\u00f3n durante m\u00e1s de 25 a\u00f1os. Obtenga m\u00e1s informaci\u00f3n sobre nuestro taller, oficinas, personas e historia.\" \/>\n<meta property=\"og:url\" content=\"https:\/\/arvitec.com\/es\/empresa\/\" \/>\n<meta property=\"og:site_name\" content=\"Arvitec\" \/>\n<meta property=\"article:modified_time\" content=\"2025-04-03T14:47:29+00:00\" \/>\n<meta name=\"twitter:card\" content=\"summary_large_image\" \/>\n<meta name=\"twitter:label1\" content=\"Estimated reading time\" \/>\n\t<meta name=\"twitter:data1\" content=\"7 minutes\" \/>\n<script type=\"application\/ld+json\" class=\"yoast-schema-graph\">{\"@context\":\"https:\/\/schema.org\",\"@graph\":[{\"@type\":\"WebPage\",\"@id\":\"https:\/\/arvitec.com\/es\/empresa\/\",\"url\":\"https:\/\/arvitec.com\/es\/empresa\/\",\"name\":\"Empresa - Arvitec\",\"isPartOf\":{\"@id\":\"https:\/\/arvitec.com\/es\/#website\"},\"datePublished\":\"2020-02-27T14:39:48+00:00\",\"dateModified\":\"2025-04-03T14:47:29+00:00\",\"description\":\"Arvitec ha desarrollado su propia tecnolog\u00eda de extrusi\u00f3n durante m\u00e1s de 25 a\u00f1os. Obtenga m\u00e1s informaci\u00f3n sobre nuestro taller, oficinas, personas e historia.\",\"breadcrumb\":{\"@id\":\"https:\/\/arvitec.com\/es\/empresa\/#breadcrumb\"},\"inLanguage\":\"en-GB\",\"potentialAction\":[{\"@type\":\"ReadAction\",\"target\":[\"https:\/\/arvitec.com\/es\/empresa\/\"]}]},{\"@type\":\"BreadcrumbList\",\"@id\":\"https:\/\/arvitec.com\/es\/empresa\/#breadcrumb\",\"itemListElement\":[{\"@type\":\"ListItem\",\"position\":1,\"name\":\"Home\",\"item\":\"https:\/\/arvitec.com\/es\/\"},{\"@type\":\"ListItem\",\"position\":2,\"name\":\"Empresa\"}]},{\"@type\":\"WebSite\",\"@id\":\"https:\/\/arvitec.com\/es\/#website\",\"url\":\"https:\/\/arvitec.com\/es\/\",\"name\":\"Arvitec\",\"description\":\"Advancing Extrusion Technology\",\"potentialAction\":[{\"@type\":\"SearchAction\",\"target\":{\"@type\":\"EntryPoint\",\"urlTemplate\":\"https:\/\/arvitec.com\/es\/?s={search_term_string}\"},\"query-input\":{\"@type\":\"PropertyValueSpecification\",\"valueRequired\":true,\"valueName\":\"search_term_string\"}}],\"inLanguage\":\"en-GB\"}]}<\/script>\n<!-- \/ Yoast SEO plugin. -->","yoast_head_json":{"title":"Empresa - Arvitec","description":"Arvitec ha desarrollado su propia tecnolog\u00eda de extrusi\u00f3n durante m\u00e1s de 25 a\u00f1os. Obtenga m\u00e1s informaci\u00f3n sobre nuestro taller, oficinas, personas e historia.","robots":{"index":"index","follow":"follow","max-snippet":"max-snippet:-1","max-image-preview":"max-image-preview:large","max-video-preview":"max-video-preview:-1"},"canonical":"https:\/\/arvitec.com\/es\/empresa\/","og_locale":"en_GB","og_type":"article","og_title":"Empresa - Arvitec","og_description":"Arvitec ha desarrollado su propia tecnolog\u00eda de extrusi\u00f3n durante m\u00e1s de 25 a\u00f1os. Obtenga m\u00e1s informaci\u00f3n sobre nuestro taller, oficinas, personas e historia.","og_url":"https:\/\/arvitec.com\/es\/empresa\/","og_site_name":"Arvitec","article_modified_time":"2025-04-03T14:47:29+00:00","twitter_card":"summary_large_image","twitter_misc":{"Estimated reading time":"7 minutes"},"schema":{"@context":"https:\/\/schema.org","@graph":[{"@type":"WebPage","@id":"https:\/\/arvitec.com\/es\/empresa\/","url":"https:\/\/arvitec.com\/es\/empresa\/","name":"Empresa - Arvitec","isPartOf":{"@id":"https:\/\/arvitec.com\/es\/#website"},"datePublished":"2020-02-27T14:39:48+00:00","dateModified":"2025-04-03T14:47:29+00:00","description":"Arvitec ha desarrollado su propia tecnolog\u00eda de extrusi\u00f3n durante m\u00e1s de 25 a\u00f1os. Obtenga m\u00e1s informaci\u00f3n sobre nuestro taller, oficinas, personas e historia.","breadcrumb":{"@id":"https:\/\/arvitec.com\/es\/empresa\/#breadcrumb"},"inLanguage":"en-GB","potentialAction":[{"@type":"ReadAction","target":["https:\/\/arvitec.com\/es\/empresa\/"]}]},{"@type":"BreadcrumbList","@id":"https:\/\/arvitec.com\/es\/empresa\/#breadcrumb","itemListElement":[{"@type":"ListItem","position":1,"name":"Home","item":"https:\/\/arvitec.com\/es\/"},{"@type":"ListItem","position":2,"name":"Empresa"}]},{"@type":"WebSite","@id":"https:\/\/arvitec.com\/es\/#website","url":"https:\/\/arvitec.com\/es\/","name":"Arvitec","description":"Advancing Extrusion Technology","potentialAction":[{"@type":"SearchAction","target":{"@type":"EntryPoint","urlTemplate":"https:\/\/arvitec.com\/es\/?s={search_term_string}"},"query-input":{"@type":"PropertyValueSpecification","valueRequired":true,"valueName":"search_term_string"}}],"inLanguage":"en-GB"}]}},"_links":{"self":[{"href":"https:\/\/arvitec.com\/es\/wp-json\/wp\/v2\/pages\/41","targetHints":{"allow":["GET"]}}],"collection":[{"href":"https:\/\/arvitec.com\/es\/wp-json\/wp\/v2\/pages"}],"about":[{"href":"https:\/\/arvitec.com\/es\/wp-json\/wp\/v2\/types\/page"}],"author":[{"embeddable":true,"href":"https:\/\/arvitec.com\/es\/wp-json\/wp\/v2\/users\/1"}],"replies":[{"embeddable":true,"href":"https:\/\/arvitec.com\/es\/wp-json\/wp\/v2\/comments?post=41"}],"version-history":[{"count":41,"href":"https:\/\/arvitec.com\/es\/wp-json\/wp\/v2\/pages\/41\/revisions"}],"predecessor-version":[{"id":3565,"href":"https:\/\/arvitec.com\/es\/wp-json\/wp\/v2\/pages\/41\/revisions\/3565"}],"wp:attachment":[{"href":"https:\/\/arvitec.com\/es\/wp-json\/wp\/v2\/media?parent=41"}],"curies":[{"name":"wp","href":"https:\/\/api.w.org\/{rel}","templated":true}]}}