{"id":40,"date":"2020-02-27T14:33:40","date_gmt":"2020-02-27T14:33:40","guid":{"rendered":"https:\/\/arvitec.com\/?page_id=38"},"modified":"2020-03-25T14:40:31","modified_gmt":"2020-03-25T14:40:31","slug":"resistencias-electricas","status":"publish","type":"page","link":"https:\/\/arvitec.com\/es\/resistencias-electricas\/","title":{"rendered":"Resistencias Electricas"},"content":{"rendered":"\n<p>Disponemos de la m\u00e1s amplia gama de resistencias el\u00e9ctricas y todo tipo sondas PT 100 y termopares, as\u00ed como cualquier sistema de medici\u00f3n de temperatura.<\/p>\n\n\n\n<p>Suministramos todos los recambios y consumibles para la maquinaria de procesos pl\u00e1sticos. Garantizamos el rendimiento y fiabilidad todas las resistencias que se sirven mediante un certificado de prueba y correcto funcionamiento.<\/p>\n\n\n\n<p>Para un mejor ahorro energ\u00e9tico se puede suministrar con sobrec\u00e1mara de aire con aislamiento interior, evitando fugas de calor.<\/p>\n\n\n\n<p>Generamos plano de las resist\u00e8ncias especiales para que tenga un registro preciso de sus recambios.<\/p>\n","protected":false},"excerpt":{"rendered":"<p>Disponemos de la m\u00e1s amplia gama de resistencias el\u00e9ctricas y todo tipo sondas PT 100 y termopares, as\u00ed como cualquier sistema de medici\u00f3n de temperatura. Suministramos todos los recambios y consumibles para la maquinaria de procesos pl\u00e1sticos. Garantizamos el rendimiento y fiabilidad todas las resistencias que se sirven mediante un certificado de prueba y correcto [&hellip;]<\/p>\n","protected":false},"author":1,"featured_media":0,"parent":0,"menu_order":0,"comment_status":"closed","ping_status":"closed","template":"heater-elements.php","meta":{"_acf_changed":false,"footnotes":""},"class_list":["post-40","page","type-page","status-publish","hentry"],"acf":[],"yoast_head":"<!-- This site is optimized with the Yoast SEO plugin v26.0 - https:\/\/yoast.com\/wordpress\/plugins\/seo\/ -->\n<title>Resistencias Electricas - Arvitec<\/title>\n<meta name=\"description\" content=\"Tenemos una amplia gama de resist\u00e9ncias el\u00e9ctricas as\u00ed como otros sistemas de medici\u00f3n de temperatura, sondas de temperatura y termopares PT 100,\" \/>\n<meta name=\"robots\" content=\"index, follow, max-snippet:-1, max-image-preview:large, max-video-preview:-1\" \/>\n<link rel=\"canonical\" href=\"https:\/\/arvitec.com\/es\/resistencias-electricas\/\" \/>\n<meta property=\"og:locale\" content=\"en_GB\" \/>\n<meta property=\"og:type\" content=\"article\" \/>\n<meta property=\"og:title\" content=\"Resistencias Electricas - Arvitec\" \/>\n<meta property=\"og:description\" content=\"Tenemos una amplia gama de resist\u00e9ncias el\u00e9ctricas as\u00ed como otros sistemas de medici\u00f3n de temperatura, sondas de temperatura y termopares PT 100,\" \/>\n<meta property=\"og:url\" content=\"https:\/\/arvitec.com\/es\/resistencias-electricas\/\" \/>\n<meta property=\"og:site_name\" content=\"Arvitec\" \/>\n<meta property=\"article:modified_time\" content=\"2020-03-25T14:40:31+00:00\" \/>\n<meta name=\"twitter:card\" content=\"summary_large_image\" \/>\n<script type=\"application\/ld+json\" class=\"yoast-schema-graph\">{\"@context\":\"https:\/\/schema.org\",\"@graph\":[{\"@type\":\"WebPage\",\"@id\":\"https:\/\/arvitec.com\/es\/resistencias-electricas\/\",\"url\":\"https:\/\/arvitec.com\/es\/resistencias-electricas\/\",\"name\":\"Resistencias Electricas - Arvitec\",\"isPartOf\":{\"@id\":\"https:\/\/arvitec.com\/es\/#website\"},\"datePublished\":\"2020-02-27T14:33:40+00:00\",\"dateModified\":\"2020-03-25T14:40:31+00:00\",\"description\":\"Tenemos una amplia gama de resist\u00e9ncias el\u00e9ctricas as\u00ed como otros sistemas de medici\u00f3n de temperatura, sondas de temperatura y termopares PT 100,\",\"breadcrumb\":{\"@id\":\"https:\/\/arvitec.com\/es\/resistencias-electricas\/#breadcrumb\"},\"inLanguage\":\"en-GB\",\"potentialAction\":[{\"@type\":\"ReadAction\",\"target\":[\"https:\/\/arvitec.com\/es\/resistencias-electricas\/\"]}]},{\"@type\":\"BreadcrumbList\",\"@id\":\"https:\/\/arvitec.com\/es\/resistencias-electricas\/#breadcrumb\",\"itemListElement\":[{\"@type\":\"ListItem\",\"position\":1,\"name\":\"Home\",\"item\":\"https:\/\/arvitec.com\/es\/\"},{\"@type\":\"ListItem\",\"position\":2,\"name\":\"Resistencias Electricas\"}]},{\"@type\":\"WebSite\",\"@id\":\"https:\/\/arvitec.com\/es\/#website\",\"url\":\"https:\/\/arvitec.com\/es\/\",\"name\":\"Arvitec\",\"description\":\"Advancing Extrusion Technology\",\"potentialAction\":[{\"@type\":\"SearchAction\",\"target\":{\"@type\":\"EntryPoint\",\"urlTemplate\":\"https:\/\/arvitec.com\/es\/?s={search_term_string}\"},\"query-input\":{\"@type\":\"PropertyValueSpecification\",\"valueRequired\":true,\"valueName\":\"search_term_string\"}}],\"inLanguage\":\"en-GB\"}]}<\/script>\n<!-- \/ Yoast SEO plugin. -->","yoast_head_json":{"title":"Resistencias Electricas - Arvitec","description":"Tenemos una amplia gama de resist\u00e9ncias el\u00e9ctricas as\u00ed como otros sistemas de medici\u00f3n de temperatura, sondas de temperatura y termopares PT 100,","robots":{"index":"index","follow":"follow","max-snippet":"max-snippet:-1","max-image-preview":"max-image-preview:large","max-video-preview":"max-video-preview:-1"},"canonical":"https:\/\/arvitec.com\/es\/resistencias-electricas\/","og_locale":"en_GB","og_type":"article","og_title":"Resistencias Electricas - Arvitec","og_description":"Tenemos una amplia gama de resist\u00e9ncias el\u00e9ctricas as\u00ed como otros sistemas de medici\u00f3n de temperatura, sondas de temperatura y termopares PT 100,","og_url":"https:\/\/arvitec.com\/es\/resistencias-electricas\/","og_site_name":"Arvitec","article_modified_time":"2020-03-25T14:40:31+00:00","twitter_card":"summary_large_image","schema":{"@context":"https:\/\/schema.org","@graph":[{"@type":"WebPage","@id":"https:\/\/arvitec.com\/es\/resistencias-electricas\/","url":"https:\/\/arvitec.com\/es\/resistencias-electricas\/","name":"Resistencias Electricas - Arvitec","isPartOf":{"@id":"https:\/\/arvitec.com\/es\/#website"},"datePublished":"2020-02-27T14:33:40+00:00","dateModified":"2020-03-25T14:40:31+00:00","description":"Tenemos una amplia gama de resist\u00e9ncias el\u00e9ctricas as\u00ed como otros sistemas de medici\u00f3n de temperatura, sondas de temperatura y termopares PT 100,","breadcrumb":{"@id":"https:\/\/arvitec.com\/es\/resistencias-electricas\/#breadcrumb"},"inLanguage":"en-GB","potentialAction":[{"@type":"ReadAction","target":["https:\/\/arvitec.com\/es\/resistencias-electricas\/"]}]},{"@type":"BreadcrumbList","@id":"https:\/\/arvitec.com\/es\/resistencias-electricas\/#breadcrumb","itemListElement":[{"@type":"ListItem","position":1,"name":"Home","item":"https:\/\/arvitec.com\/es\/"},{"@type":"ListItem","position":2,"name":"Resistencias Electricas"}]},{"@type":"WebSite","@id":"https:\/\/arvitec.com\/es\/#website","url":"https:\/\/arvitec.com\/es\/","name":"Arvitec","description":"Advancing Extrusion Technology","potentialAction":[{"@type":"SearchAction","target":{"@type":"EntryPoint","urlTemplate":"https:\/\/arvitec.com\/es\/?s={search_term_string}"},"query-input":{"@type":"PropertyValueSpecification","valueRequired":true,"valueName":"search_term_string"}}],"inLanguage":"en-GB"}]}},"_links":{"self":[{"href":"https:\/\/arvitec.com\/es\/wp-json\/wp\/v2\/pages\/40","targetHints":{"allow":["GET"]}}],"collection":[{"href":"https:\/\/arvitec.com\/es\/wp-json\/wp\/v2\/pages"}],"about":[{"href":"https:\/\/arvitec.com\/es\/wp-json\/wp\/v2\/types\/page"}],"author":[{"embeddable":true,"href":"https:\/\/arvitec.com\/es\/wp-json\/wp\/v2\/users\/1"}],"replies":[{"embeddable":true,"href":"https:\/\/arvitec.com\/es\/wp-json\/wp\/v2\/comments?post=40"}],"version-history":[{"count":3,"href":"https:\/\/arvitec.com\/es\/wp-json\/wp\/v2\/pages\/40\/revisions"}],"predecessor-version":[{"id":3332,"href":"https:\/\/arvitec.com\/es\/wp-json\/wp\/v2\/pages\/40\/revisions\/3332"}],"wp:attachment":[{"href":"https:\/\/arvitec.com\/es\/wp-json\/wp\/v2\/media?parent=40"}],"curies":[{"name":"wp","href":"https:\/\/api.w.org\/{rel}","templated":true}]}}