{"id":39,"date":"2020-02-27T13:17:19","date_gmt":"2020-02-27T13:17:19","guid":{"rendered":"https:\/\/arvitec.com\/?page_id=36"},"modified":"2020-03-25T14:38:17","modified_gmt":"2020-03-25T14:38:17","slug":"maquina-de-extrusion","status":"publish","type":"page","link":"https:\/\/arvitec.com\/es\/maquina-de-extrusion\/","title":{"rendered":"Extruders"},"content":{"rendered":"<p>Presentamos G\u00e9nesis, la primera generaci\u00f3n de extrusoras dise\u00f1adas y construidas \u00edntegramente a partir de tecnolog\u00eda Arvitec.<\/p>\n<h4>Especificaciones:<\/h4>\n<p>Estructura reforzada de acero inoxidable en tubo cuadricular, soldado y pintado.<\/p>\n<p>Sistema anti deformaci\u00f3n por dilataci\u00f3n t\u00e9rmica.<\/p>\n<h4>Conjunto de Plastificaci\u00f3n:<\/h4>\n<ul>\n<li><strong>\u00c1rea de alimentaci\u00f3n:<\/strong> dotada de estructura de refrigeraci\u00f3n controlada, dise\u00f1o exclusivo Arvitec, especial para el uso de materiales espec\u00edficos para la co-extrusi\u00f3n de perfiles t\u00e9cnicos.<\/li>\n<li><strong>C\u00e1mara:<\/strong> Aleaci\u00f3n bimet\u00e1lica de gran resistencia a la torsi\u00f3n, abrasi\u00f3n y corrosi\u00f3n.<\/li>\n<li><strong>Husillo:<\/strong> dise\u00f1o, geometr\u00eda y tratamiento superficial en funci\u00f3n de las necesidades del producto a fabricar.<\/li>\n<\/ul>\n<p>Todos los conjuntos han sido a probados con los materiales de producci\u00f3n de los fabricantes m\u00e1s reconocidos TPV,Teknor Apex, Santoprene, Tefabloc, cuyos resultados la excelente calidad de los resultados conseguidos en la extrusi\u00f3n y co-extrusi\u00f3n de perfiles t\u00e9cnicos.<\/p>\n<p>Reductor Zambello de la GAMA ZPE, dise\u00f1ado para extrusores mono husillo con momento torsor transmisible con relaci\u00f3n al peso y a la dimensi\u00f3n del reductor.<\/p>\n<p>Motor y Variador ABB AC.<\/p>\n<p>Motor robusto y compacto de baja inercia. Ventilaci\u00f3n forzada y encoder.<\/p>\n<p>Sensores de presi\u00f3n y de punto de fundici\u00f3n del material<\/p>\n<p>Los sensores adem\u00e1s de ser un sistema de Seguridad para la m\u00e1quina nos ayudan a analizar la calidad del proceso de fabricaci\u00f3n en cada momento.<\/p>\n<p>El Melt sensor o medidor de temperatura de la masa mide con exactitud la temperatura exacta de la masa de pl\u00e1stico dentro de la camisa.<\/p>\n<p>Las resistencias electricas de alto rendimiento soportan altas temperaturas y estan fabricadas en nicrom y micas\u00edn de alta calidad, mejorando su estabilidad t\u00e8rmica y su longevidad.<\/p>\n<p>Electic Box: Programa de control hecho por Arvitec, con control integral de la extrusora a trabes de pantalla t\u00e0ctil y equipado con sistemas de control Omron y Siemens.<\/p>\n","protected":false},"excerpt":{"rendered":"<p>Presentamos G\u00e9nesis, la primera generaci\u00f3n de extrusoras dise\u00f1adas y construidas \u00edntegramente a partir de tecnolog\u00eda Arvitec. Especificaciones: Estructura reforzada de acero inoxidable en tubo cuadricular, soldado y pintado. Sistema anti deformaci\u00f3n por dilataci\u00f3n t\u00e9rmica. Conjunto de Plastificaci\u00f3n: \u00c1rea de alimentaci\u00f3n: dotada de estructura de refrigeraci\u00f3n controlada, dise\u00f1o exclusivo Arvitec, especial para el uso de materiales [&hellip;]<\/p>\n","protected":false},"author":1,"featured_media":0,"parent":0,"menu_order":0,"comment_status":"closed","ping_status":"closed","template":"extruder.php","meta":{"_acf_changed":false,"footnotes":""},"class_list":["post-39","page","type-page","status-publish","hentry"],"acf":[],"yoast_head":"<!-- This site is optimized with the Yoast SEO plugin v26.0 - https:\/\/yoast.com\/wordpress\/plugins\/seo\/ -->\n<title>Extruders - Arvitec<\/title>\n<meta name=\"description\" content=\"Genesis es la primera generaci\u00f3n de m\u00e1quinas extrusoras de pl\u00e1stico dise\u00f1adas y construidas completamente con tecnolog\u00eda Arvitec en Barcelona.\" \/>\n<meta name=\"robots\" content=\"index, follow, max-snippet:-1, max-image-preview:large, max-video-preview:-1\" \/>\n<link rel=\"canonical\" href=\"https:\/\/arvitec.com\/es\/maquina-de-extrusion\/\" \/>\n<meta property=\"og:locale\" content=\"en_GB\" \/>\n<meta property=\"og:type\" content=\"article\" \/>\n<meta property=\"og:title\" content=\"Extruders - Arvitec\" \/>\n<meta property=\"og:description\" content=\"Genesis es la primera generaci\u00f3n de m\u00e1quinas extrusoras de pl\u00e1stico dise\u00f1adas y construidas completamente con tecnolog\u00eda Arvitec en Barcelona.\" \/>\n<meta property=\"og:url\" content=\"https:\/\/arvitec.com\/es\/maquina-de-extrusion\/\" \/>\n<meta property=\"og:site_name\" content=\"Arvitec\" \/>\n<meta property=\"article:modified_time\" content=\"2020-03-25T14:38:17+00:00\" \/>\n<meta name=\"twitter:card\" content=\"summary_large_image\" \/>\n<meta name=\"twitter:label1\" content=\"Estimated reading time\" \/>\n\t<meta name=\"twitter:data1\" content=\"2 minutes\" \/>\n<script type=\"application\/ld+json\" class=\"yoast-schema-graph\">{\"@context\":\"https:\/\/schema.org\",\"@graph\":[{\"@type\":\"WebPage\",\"@id\":\"https:\/\/arvitec.com\/es\/maquina-de-extrusion\/\",\"url\":\"https:\/\/arvitec.com\/es\/maquina-de-extrusion\/\",\"name\":\"Extruders - Arvitec\",\"isPartOf\":{\"@id\":\"https:\/\/arvitec.com\/es\/#website\"},\"datePublished\":\"2020-02-27T13:17:19+00:00\",\"dateModified\":\"2020-03-25T14:38:17+00:00\",\"description\":\"Genesis es la primera generaci\u00f3n de m\u00e1quinas extrusoras de pl\u00e1stico dise\u00f1adas y construidas completamente con tecnolog\u00eda Arvitec en Barcelona.\",\"breadcrumb\":{\"@id\":\"https:\/\/arvitec.com\/es\/maquina-de-extrusion\/#breadcrumb\"},\"inLanguage\":\"en-GB\",\"potentialAction\":[{\"@type\":\"ReadAction\",\"target\":[\"https:\/\/arvitec.com\/es\/maquina-de-extrusion\/\"]}]},{\"@type\":\"BreadcrumbList\",\"@id\":\"https:\/\/arvitec.com\/es\/maquina-de-extrusion\/#breadcrumb\",\"itemListElement\":[{\"@type\":\"ListItem\",\"position\":1,\"name\":\"Home\",\"item\":\"https:\/\/arvitec.com\/es\/\"},{\"@type\":\"ListItem\",\"position\":2,\"name\":\"Extruders\"}]},{\"@type\":\"WebSite\",\"@id\":\"https:\/\/arvitec.com\/es\/#website\",\"url\":\"https:\/\/arvitec.com\/es\/\",\"name\":\"Arvitec\",\"description\":\"Advancing Extrusion Technology\",\"potentialAction\":[{\"@type\":\"SearchAction\",\"target\":{\"@type\":\"EntryPoint\",\"urlTemplate\":\"https:\/\/arvitec.com\/es\/?s={search_term_string}\"},\"query-input\":{\"@type\":\"PropertyValueSpecification\",\"valueRequired\":true,\"valueName\":\"search_term_string\"}}],\"inLanguage\":\"en-GB\"}]}<\/script>\n<!-- \/ Yoast SEO plugin. -->","yoast_head_json":{"title":"Extruders - Arvitec","description":"Genesis es la primera generaci\u00f3n de m\u00e1quinas extrusoras de pl\u00e1stico dise\u00f1adas y construidas completamente con tecnolog\u00eda Arvitec en Barcelona.","robots":{"index":"index","follow":"follow","max-snippet":"max-snippet:-1","max-image-preview":"max-image-preview:large","max-video-preview":"max-video-preview:-1"},"canonical":"https:\/\/arvitec.com\/es\/maquina-de-extrusion\/","og_locale":"en_GB","og_type":"article","og_title":"Extruders - Arvitec","og_description":"Genesis es la primera generaci\u00f3n de m\u00e1quinas extrusoras de pl\u00e1stico dise\u00f1adas y construidas completamente con tecnolog\u00eda Arvitec en Barcelona.","og_url":"https:\/\/arvitec.com\/es\/maquina-de-extrusion\/","og_site_name":"Arvitec","article_modified_time":"2020-03-25T14:38:17+00:00","twitter_card":"summary_large_image","twitter_misc":{"Estimated reading time":"2 minutes"},"schema":{"@context":"https:\/\/schema.org","@graph":[{"@type":"WebPage","@id":"https:\/\/arvitec.com\/es\/maquina-de-extrusion\/","url":"https:\/\/arvitec.com\/es\/maquina-de-extrusion\/","name":"Extruders - Arvitec","isPartOf":{"@id":"https:\/\/arvitec.com\/es\/#website"},"datePublished":"2020-02-27T13:17:19+00:00","dateModified":"2020-03-25T14:38:17+00:00","description":"Genesis es la primera generaci\u00f3n de m\u00e1quinas extrusoras de pl\u00e1stico dise\u00f1adas y construidas completamente con tecnolog\u00eda Arvitec en Barcelona.","breadcrumb":{"@id":"https:\/\/arvitec.com\/es\/maquina-de-extrusion\/#breadcrumb"},"inLanguage":"en-GB","potentialAction":[{"@type":"ReadAction","target":["https:\/\/arvitec.com\/es\/maquina-de-extrusion\/"]}]},{"@type":"BreadcrumbList","@id":"https:\/\/arvitec.com\/es\/maquina-de-extrusion\/#breadcrumb","itemListElement":[{"@type":"ListItem","position":1,"name":"Home","item":"https:\/\/arvitec.com\/es\/"},{"@type":"ListItem","position":2,"name":"Extruders"}]},{"@type":"WebSite","@id":"https:\/\/arvitec.com\/es\/#website","url":"https:\/\/arvitec.com\/es\/","name":"Arvitec","description":"Advancing Extrusion Technology","potentialAction":[{"@type":"SearchAction","target":{"@type":"EntryPoint","urlTemplate":"https:\/\/arvitec.com\/es\/?s={search_term_string}"},"query-input":{"@type":"PropertyValueSpecification","valueRequired":true,"valueName":"search_term_string"}}],"inLanguage":"en-GB"}]}},"_links":{"self":[{"href":"https:\/\/arvitec.com\/es\/wp-json\/wp\/v2\/pages\/39","targetHints":{"allow":["GET"]}}],"collection":[{"href":"https:\/\/arvitec.com\/es\/wp-json\/wp\/v2\/pages"}],"about":[{"href":"https:\/\/arvitec.com\/es\/wp-json\/wp\/v2\/types\/page"}],"author":[{"embeddable":true,"href":"https:\/\/arvitec.com\/es\/wp-json\/wp\/v2\/users\/1"}],"replies":[{"embeddable":true,"href":"https:\/\/arvitec.com\/es\/wp-json\/wp\/v2\/comments?post=39"}],"version-history":[{"count":7,"href":"https:\/\/arvitec.com\/es\/wp-json\/wp\/v2\/pages\/39\/revisions"}],"predecessor-version":[{"id":3412,"href":"https:\/\/arvitec.com\/es\/wp-json\/wp\/v2\/pages\/39\/revisions\/3412"}],"wp:attachment":[{"href":"https:\/\/arvitec.com\/es\/wp-json\/wp\/v2\/media?parent=39"}],"curies":[{"name":"wp","href":"https:\/\/api.w.org\/{rel}","templated":true}]}}