{"id":38,"date":"2020-02-20T09:52:58","date_gmt":"2020-02-20T09:52:58","guid":{"rendered":"https:\/\/arvitec.com\/?page_id=10"},"modified":"2020-04-01T13:57:04","modified_gmt":"2020-04-01T12:57:04","slug":"lineas-de-extrusion","status":"publish","type":"page","link":"https:\/\/arvitec.com\/es\/lineas-de-extrusion\/","title":{"rendered":"Proyectos llave en mano"},"content":{"rendered":"\n<p>Con m\u00e1s de 25 a\u00f1os de experiencia, Arvitec tiene la capacidad de ayudarlo a construir l\u00edneas de extrusi\u00f3n y l\u00edneas de coextrusi\u00f3n para cualquier tipo de producto. Esto es respaldado por nuestros ingenieros que pueden desarrollar herramientas de troquel para garantizar la m\u00e1s alta calidad de la pieza terminada, as\u00ed como por nuestros expertos en producci\u00f3n que pueden ayudarlo a configurar la l\u00ednea en su sitio.<\/p>\n\n\n\n<p>Podemos hacer l\u00edneas de extrusi\u00f3n para manejar una amplia gama de pol\u00edmeros est\u00e1ndar, as\u00ed como combinaciones de pl\u00e1stico. Materiales en l\u00edneas de coextrusi\u00f3n como PP + TPV y PVC + TPV.<\/p>\n\n\n\n<h3 class=\"wp-block-heading\">Beneficios de nuestros servicios de tecnolog\u00eda de extrusi\u00f3n<\/h3>\n\n\n\n<ul class=\"wp-block-list\"><li>Maquinaria optimizada seg\u00fan el perfil requerido<\/li><li>L\u00ednea de extrusi\u00f3n manual o completamente automatizada, todas las m\u00e1quinas se sincronizan en velocidad, temperatura, ubicaci\u00f3n, vac\u00edo, corte para alcanzar un rendimiento preciso y m\u00e1s r\u00e1pido.<\/li><li>Informes de control de rendimiento.<\/li><li>Grabaci\u00f3n de configuraciones<\/li><li>Arranque m\u00e1s r\u00e1pido y f\u00e1cil<\/li><li>Reducci\u00f3n de material de desecho y costo a trav\u00e9s del ajuste<\/li><li>Mayor variedad de perfiles para trabajar.<\/li><\/ul>\n\n\n\n<p>Toda la maquinaria fabricada y probada en Arvitec.<\/p>\n","protected":false},"excerpt":{"rendered":"<p>Con m\u00e1s de 25 a\u00f1os de experiencia, Arvitec tiene la capacidad de ayudarlo a construir l\u00edneas de extrusi\u00f3n y l\u00edneas de coextrusi\u00f3n para cualquier tipo de producto. Esto es respaldado por nuestros ingenieros que pueden desarrollar herramientas de troquel para garantizar la m\u00e1s alta calidad de la pieza terminada, as\u00ed como por nuestros expertos en [&hellip;]<\/p>\n","protected":false},"author":1,"featured_media":0,"parent":0,"menu_order":0,"comment_status":"closed","ping_status":"closed","template":"turnkey.php","meta":{"_acf_changed":false,"footnotes":""},"class_list":["post-38","page","type-page","status-publish","hentry"],"acf":[],"yoast_head":"<!-- This site is optimized with the Yoast SEO plugin v26.0 - https:\/\/yoast.com\/wordpress\/plugins\/seo\/ -->\n<title>Proyectos llave en mano - Arvitec<\/title>\n<meta name=\"description\" content=\"Nuestro equipo de ingenieros construyen l\u00edneas de extrusi\u00f3n que ofrecen un excelente rendimiento en la fabricaci\u00f3n de perfiles de extrusi\u00f3n.\" \/>\n<meta name=\"robots\" content=\"index, follow, max-snippet:-1, max-image-preview:large, max-video-preview:-1\" \/>\n<link rel=\"canonical\" href=\"https:\/\/arvitec.com\/es\/lineas-de-extrusion\/\" \/>\n<meta property=\"og:locale\" content=\"en_GB\" \/>\n<meta property=\"og:type\" content=\"article\" \/>\n<meta property=\"og:title\" content=\"Proyectos llave en mano - Arvitec\" \/>\n<meta property=\"og:description\" content=\"Nuestro equipo de ingenieros construyen l\u00edneas de extrusi\u00f3n que ofrecen un excelente rendimiento en la fabricaci\u00f3n de perfiles de extrusi\u00f3n.\" \/>\n<meta property=\"og:url\" content=\"https:\/\/arvitec.com\/es\/lineas-de-extrusion\/\" \/>\n<meta property=\"og:site_name\" content=\"Arvitec\" \/>\n<meta property=\"article:modified_time\" content=\"2020-04-01T12:57:04+00:00\" \/>\n<meta name=\"twitter:card\" content=\"summary_large_image\" \/>\n<meta name=\"twitter:label1\" content=\"Estimated reading time\" \/>\n\t<meta name=\"twitter:data1\" content=\"1 minute\" \/>\n<script type=\"application\/ld+json\" class=\"yoast-schema-graph\">{\"@context\":\"https:\/\/schema.org\",\"@graph\":[{\"@type\":\"WebPage\",\"@id\":\"https:\/\/arvitec.com\/es\/lineas-de-extrusion\/\",\"url\":\"https:\/\/arvitec.com\/es\/lineas-de-extrusion\/\",\"name\":\"Proyectos llave en mano - Arvitec\",\"isPartOf\":{\"@id\":\"https:\/\/arvitec.com\/es\/#website\"},\"datePublished\":\"2020-02-20T09:52:58+00:00\",\"dateModified\":\"2020-04-01T12:57:04+00:00\",\"description\":\"Nuestro equipo de ingenieros construyen l\u00edneas de extrusi\u00f3n que ofrecen un excelente rendimiento en la fabricaci\u00f3n de perfiles de extrusi\u00f3n.\",\"breadcrumb\":{\"@id\":\"https:\/\/arvitec.com\/es\/lineas-de-extrusion\/#breadcrumb\"},\"inLanguage\":\"en-GB\",\"potentialAction\":[{\"@type\":\"ReadAction\",\"target\":[\"https:\/\/arvitec.com\/es\/lineas-de-extrusion\/\"]}]},{\"@type\":\"BreadcrumbList\",\"@id\":\"https:\/\/arvitec.com\/es\/lineas-de-extrusion\/#breadcrumb\",\"itemListElement\":[{\"@type\":\"ListItem\",\"position\":1,\"name\":\"Home\",\"item\":\"https:\/\/arvitec.com\/es\/\"},{\"@type\":\"ListItem\",\"position\":2,\"name\":\"Proyectos llave en mano\"}]},{\"@type\":\"WebSite\",\"@id\":\"https:\/\/arvitec.com\/es\/#website\",\"url\":\"https:\/\/arvitec.com\/es\/\",\"name\":\"Arvitec\",\"description\":\"Advancing Extrusion Technology\",\"potentialAction\":[{\"@type\":\"SearchAction\",\"target\":{\"@type\":\"EntryPoint\",\"urlTemplate\":\"https:\/\/arvitec.com\/es\/?s={search_term_string}\"},\"query-input\":{\"@type\":\"PropertyValueSpecification\",\"valueRequired\":true,\"valueName\":\"search_term_string\"}}],\"inLanguage\":\"en-GB\"}]}<\/script>\n<!-- \/ Yoast SEO plugin. -->","yoast_head_json":{"title":"Proyectos llave en mano - Arvitec","description":"Nuestro equipo de ingenieros construyen l\u00edneas de extrusi\u00f3n que ofrecen un excelente rendimiento en la fabricaci\u00f3n de perfiles de extrusi\u00f3n.","robots":{"index":"index","follow":"follow","max-snippet":"max-snippet:-1","max-image-preview":"max-image-preview:large","max-video-preview":"max-video-preview:-1"},"canonical":"https:\/\/arvitec.com\/es\/lineas-de-extrusion\/","og_locale":"en_GB","og_type":"article","og_title":"Proyectos llave en mano - Arvitec","og_description":"Nuestro equipo de ingenieros construyen l\u00edneas de extrusi\u00f3n que ofrecen un excelente rendimiento en la fabricaci\u00f3n de perfiles de extrusi\u00f3n.","og_url":"https:\/\/arvitec.com\/es\/lineas-de-extrusion\/","og_site_name":"Arvitec","article_modified_time":"2020-04-01T12:57:04+00:00","twitter_card":"summary_large_image","twitter_misc":{"Estimated reading time":"1 minute"},"schema":{"@context":"https:\/\/schema.org","@graph":[{"@type":"WebPage","@id":"https:\/\/arvitec.com\/es\/lineas-de-extrusion\/","url":"https:\/\/arvitec.com\/es\/lineas-de-extrusion\/","name":"Proyectos llave en mano - Arvitec","isPartOf":{"@id":"https:\/\/arvitec.com\/es\/#website"},"datePublished":"2020-02-20T09:52:58+00:00","dateModified":"2020-04-01T12:57:04+00:00","description":"Nuestro equipo de ingenieros construyen l\u00edneas de extrusi\u00f3n que ofrecen un excelente rendimiento en la fabricaci\u00f3n de perfiles de extrusi\u00f3n.","breadcrumb":{"@id":"https:\/\/arvitec.com\/es\/lineas-de-extrusion\/#breadcrumb"},"inLanguage":"en-GB","potentialAction":[{"@type":"ReadAction","target":["https:\/\/arvitec.com\/es\/lineas-de-extrusion\/"]}]},{"@type":"BreadcrumbList","@id":"https:\/\/arvitec.com\/es\/lineas-de-extrusion\/#breadcrumb","itemListElement":[{"@type":"ListItem","position":1,"name":"Home","item":"https:\/\/arvitec.com\/es\/"},{"@type":"ListItem","position":2,"name":"Proyectos llave en mano"}]},{"@type":"WebSite","@id":"https:\/\/arvitec.com\/es\/#website","url":"https:\/\/arvitec.com\/es\/","name":"Arvitec","description":"Advancing Extrusion Technology","potentialAction":[{"@type":"SearchAction","target":{"@type":"EntryPoint","urlTemplate":"https:\/\/arvitec.com\/es\/?s={search_term_string}"},"query-input":{"@type":"PropertyValueSpecification","valueRequired":true,"valueName":"search_term_string"}}],"inLanguage":"en-GB"}]}},"_links":{"self":[{"href":"https:\/\/arvitec.com\/es\/wp-json\/wp\/v2\/pages\/38","targetHints":{"allow":["GET"]}}],"collection":[{"href":"https:\/\/arvitec.com\/es\/wp-json\/wp\/v2\/pages"}],"about":[{"href":"https:\/\/arvitec.com\/es\/wp-json\/wp\/v2\/types\/page"}],"author":[{"embeddable":true,"href":"https:\/\/arvitec.com\/es\/wp-json\/wp\/v2\/users\/1"}],"replies":[{"embeddable":true,"href":"https:\/\/arvitec.com\/es\/wp-json\/wp\/v2\/comments?post=38"}],"version-history":[{"count":10,"href":"https:\/\/arvitec.com\/es\/wp-json\/wp\/v2\/pages\/38\/revisions"}],"predecessor-version":[{"id":3475,"href":"https:\/\/arvitec.com\/es\/wp-json\/wp\/v2\/pages\/38\/revisions\/3475"}],"wp:attachment":[{"href":"https:\/\/arvitec.com\/es\/wp-json\/wp\/v2\/media?parent=38"}],"curies":[{"name":"wp","href":"https:\/\/api.w.org\/{rel}","templated":true}]}}