{"id":12,"date":"2020-02-20T09:53:06","date_gmt":"2020-02-20T09:53:06","guid":{"rendered":"https:\/\/arvitec.com\/?page_id=12"},"modified":"2020-03-25T14:40:12","modified_gmt":"2020-03-25T14:40:12","slug":"noticias","status":"publish","type":"page","link":"https:\/\/arvitec.com\/es\/noticias\/","title":{"rendered":"News"},"content":{"rendered":"\n<p>Pretium lacus primis venenatis vestibulum imperdiet dictum quisque habitant, integer tristique nam fames netus iaculis etiam cras senectus, magnis curabitur tempus dis dolor dignissim ridiculus. Leo fringilla sed netus dignissim cubilia convallis aliquet dapibus venenatis, torquent nisl duis ullamcorper gravida blandit arcu ornare, suspendisse lobortis sollicitudin felis eu integer ultrices himenaeos.<\/p>\n\n\n\n<p>Velit pellentesque magna gravida at porttitor est potenti hendrerit ornare lacus aenean lobortis habitasse penatibus mauris, et ridiculus pretium sodales himenaeos dis condimentum morbi eu suscipit nam nec tortor sociosqu.<\/p>\n","protected":false},"excerpt":{"rendered":"<p>Pretium lacus primis venenatis vestibulum imperdiet dictum quisque habitant, integer tristique nam fames netus iaculis etiam cras senectus, magnis curabitur tempus dis dolor dignissim ridiculus. Leo fringilla sed netus dignissim cubilia convallis aliquet dapibus venenatis, torquent nisl duis ullamcorper gravida blandit arcu ornare, suspendisse lobortis sollicitudin felis eu integer ultrices himenaeos. Velit pellentesque magna gravida [&hellip;]<\/p>\n","protected":false},"author":1,"featured_media":0,"parent":0,"menu_order":0,"comment_status":"closed","ping_status":"closed","template":"blog.php","meta":{"_acf_changed":false,"footnotes":""},"class_list":["post-12","page","type-page","status-publish","hentry"],"acf":[],"yoast_head":"<!-- This site is optimized with the Yoast SEO plugin v26.0 - https:\/\/yoast.com\/wordpress\/plugins\/seo\/ -->\n<title>News - Arvitec<\/title>\n<meta name=\"description\" content=\"Aqu\u00ed puede encontrar las \u00faltimas noticias de Arvitec, relacionadas con nuevos productos, exposiciones, eventos y m\u00e1s.\" \/>\n<meta name=\"robots\" content=\"index, follow, max-snippet:-1, max-image-preview:large, max-video-preview:-1\" \/>\n<link rel=\"canonical\" href=\"https:\/\/arvitec.com\/es\/noticias\/\" \/>\n<meta property=\"og:locale\" content=\"en_GB\" \/>\n<meta property=\"og:type\" content=\"article\" \/>\n<meta property=\"og:title\" content=\"News - Arvitec\" \/>\n<meta property=\"og:description\" content=\"Aqu\u00ed puede encontrar las \u00faltimas noticias de Arvitec, relacionadas con nuevos productos, exposiciones, eventos y m\u00e1s.\" \/>\n<meta property=\"og:url\" content=\"https:\/\/arvitec.com\/es\/noticias\/\" \/>\n<meta property=\"og:site_name\" content=\"Arvitec\" \/>\n<meta property=\"article:modified_time\" content=\"2020-03-25T14:40:12+00:00\" \/>\n<meta name=\"twitter:card\" content=\"summary_large_image\" \/>\n<script type=\"application\/ld+json\" class=\"yoast-schema-graph\">{\"@context\":\"https:\/\/schema.org\",\"@graph\":[{\"@type\":\"WebPage\",\"@id\":\"https:\/\/arvitec.com\/es\/noticias\/\",\"url\":\"https:\/\/arvitec.com\/es\/noticias\/\",\"name\":\"News - Arvitec\",\"isPartOf\":{\"@id\":\"https:\/\/arvitec.com\/es\/#website\"},\"datePublished\":\"2020-02-20T09:53:06+00:00\",\"dateModified\":\"2020-03-25T14:40:12+00:00\",\"description\":\"Aqu\u00ed puede encontrar las \u00faltimas noticias de Arvitec, relacionadas con nuevos productos, exposiciones, eventos y m\u00e1s.\",\"breadcrumb\":{\"@id\":\"https:\/\/arvitec.com\/es\/noticias\/#breadcrumb\"},\"inLanguage\":\"en-GB\",\"potentialAction\":[{\"@type\":\"ReadAction\",\"target\":[\"https:\/\/arvitec.com\/es\/noticias\/\"]}]},{\"@type\":\"BreadcrumbList\",\"@id\":\"https:\/\/arvitec.com\/es\/noticias\/#breadcrumb\",\"itemListElement\":[{\"@type\":\"ListItem\",\"position\":1,\"name\":\"Home\",\"item\":\"https:\/\/arvitec.com\/es\/\"},{\"@type\":\"ListItem\",\"position\":2,\"name\":\"News\"}]},{\"@type\":\"WebSite\",\"@id\":\"https:\/\/arvitec.com\/es\/#website\",\"url\":\"https:\/\/arvitec.com\/es\/\",\"name\":\"Arvitec\",\"description\":\"Advancing Extrusion Technology\",\"potentialAction\":[{\"@type\":\"SearchAction\",\"target\":{\"@type\":\"EntryPoint\",\"urlTemplate\":\"https:\/\/arvitec.com\/es\/?s={search_term_string}\"},\"query-input\":{\"@type\":\"PropertyValueSpecification\",\"valueRequired\":true,\"valueName\":\"search_term_string\"}}],\"inLanguage\":\"en-GB\"}]}<\/script>\n<!-- \/ Yoast SEO plugin. -->","yoast_head_json":{"title":"News - Arvitec","description":"Aqu\u00ed puede encontrar las \u00faltimas noticias de Arvitec, relacionadas con nuevos productos, exposiciones, eventos y m\u00e1s.","robots":{"index":"index","follow":"follow","max-snippet":"max-snippet:-1","max-image-preview":"max-image-preview:large","max-video-preview":"max-video-preview:-1"},"canonical":"https:\/\/arvitec.com\/es\/noticias\/","og_locale":"en_GB","og_type":"article","og_title":"News - Arvitec","og_description":"Aqu\u00ed puede encontrar las \u00faltimas noticias de Arvitec, relacionadas con nuevos productos, exposiciones, eventos y m\u00e1s.","og_url":"https:\/\/arvitec.com\/es\/noticias\/","og_site_name":"Arvitec","article_modified_time":"2020-03-25T14:40:12+00:00","twitter_card":"summary_large_image","schema":{"@context":"https:\/\/schema.org","@graph":[{"@type":"WebPage","@id":"https:\/\/arvitec.com\/es\/noticias\/","url":"https:\/\/arvitec.com\/es\/noticias\/","name":"News - Arvitec","isPartOf":{"@id":"https:\/\/arvitec.com\/es\/#website"},"datePublished":"2020-02-20T09:53:06+00:00","dateModified":"2020-03-25T14:40:12+00:00","description":"Aqu\u00ed puede encontrar las \u00faltimas noticias de Arvitec, relacionadas con nuevos productos, exposiciones, eventos y m\u00e1s.","breadcrumb":{"@id":"https:\/\/arvitec.com\/es\/noticias\/#breadcrumb"},"inLanguage":"en-GB","potentialAction":[{"@type":"ReadAction","target":["https:\/\/arvitec.com\/es\/noticias\/"]}]},{"@type":"BreadcrumbList","@id":"https:\/\/arvitec.com\/es\/noticias\/#breadcrumb","itemListElement":[{"@type":"ListItem","position":1,"name":"Home","item":"https:\/\/arvitec.com\/es\/"},{"@type":"ListItem","position":2,"name":"News"}]},{"@type":"WebSite","@id":"https:\/\/arvitec.com\/es\/#website","url":"https:\/\/arvitec.com\/es\/","name":"Arvitec","description":"Advancing Extrusion Technology","potentialAction":[{"@type":"SearchAction","target":{"@type":"EntryPoint","urlTemplate":"https:\/\/arvitec.com\/es\/?s={search_term_string}"},"query-input":{"@type":"PropertyValueSpecification","valueRequired":true,"valueName":"search_term_string"}}],"inLanguage":"en-GB"}]}},"_links":{"self":[{"href":"https:\/\/arvitec.com\/es\/wp-json\/wp\/v2\/pages\/12","targetHints":{"allow":["GET"]}}],"collection":[{"href":"https:\/\/arvitec.com\/es\/wp-json\/wp\/v2\/pages"}],"about":[{"href":"https:\/\/arvitec.com\/es\/wp-json\/wp\/v2\/types\/page"}],"author":[{"embeddable":true,"href":"https:\/\/arvitec.com\/es\/wp-json\/wp\/v2\/users\/1"}],"replies":[{"embeddable":true,"href":"https:\/\/arvitec.com\/es\/wp-json\/wp\/v2\/comments?post=12"}],"version-history":[{"count":2,"href":"https:\/\/arvitec.com\/es\/wp-json\/wp\/v2\/pages\/12\/revisions"}],"predecessor-version":[{"id":3440,"href":"https:\/\/arvitec.com\/es\/wp-json\/wp\/v2\/pages\/12\/revisions\/3440"}],"wp:attachment":[{"href":"https:\/\/arvitec.com\/es\/wp-json\/wp\/v2\/media?parent=12"}],"curies":[{"name":"wp","href":"https:\/\/api.w.org\/{rel}","templated":true}]}}