{"id":42,"date":"2020-02-27T15:08:06","date_gmt":"2020-02-27T15:08:06","guid":{"rendered":"https:\/\/arvitec.com\/?page_id=42"},"modified":"2020-03-16T15:40:17","modified_gmt":"2020-03-16T15:40:17","slug":"fe","status":"publish","type":"page","link":"https:\/\/arvitec.com\/de\/fe\/","title":{"rendered":"F+E"},"content":{"rendered":"\n<p>Forschung und Entwicklung ist ein wesentlicher Bestandteil der Arvitec-DNA, in jedem Projekt erweitern wir unsere Kenntnisse und verwenden sie f\u00fcr das n\u00e4chste Projekt.<\/p>\n\n\n\n<p>Die Entwicklung und Forschung ist die DNA von Arvitec, die Schaffung von Innovationen in der Coextrusionstechnologie war eine Konstante bei den mehr als 5000 Projekten, die erfolgreich umgesetzt wurden.<\/p>\n\n\n\n<h3 class=\"wp-block-heading\">Technologie<\/h3>\n\n\n\n<p>Im Laufe der Jahre haben wir die F\u00e4higkeit erworben, Innovationen f\u00fcr die Mehrkomponenten-Coextrusion zu entwickeln und dank unseres Universalkopfes wurden wir zu Pionieren der Extrusion von 10 Komponenten mit dem neuen Extrusionssystem in zwei Stufen oder der Zweiphasen-Coextrusion.<\/p>\n\n\n\n<p>Unsere Technologie erm\u00f6glicht es uns, D\u00fcsen und Kalibratoren anzubieten, um bestimmte Profile f\u00fcr verschiedene Branchen wie Automobilbau, die Bauindustrie, f\u00fcr Lebensmittel, Einrichtungen und Haushaltsger\u00e4te herzustellen.<\/p>\n\n\n\n<p>Nuestra tecnolog\u00eda nos permite ofrecer hileras y calibradores para fabricar perfiles destinados a diferentes sectores como automoci\u00f3n, construcci\u00f3n, alimentaci\u00f3n, decoraci\u00f3n y electrodom\u00e9sticos.<\/p>\n\n\n\n<p>Wir sind auch f\u00fchrend bei der Poly-Kopfrohrverbindung, Dichtungsstreifen und sehr komplexen Profile mit Eins\u00e4tzen aus Metallkernen, wie beispielsweise Stahl oder Aluminium.<\/p>\n\n\n\n<p>Wir haben auch die Anwendung des Flockbands in der gleichen Extrusionslinie entwickelt, ein deutlicher Fortschritt f\u00fcr unsere Kunden, weil es ihnen erlaubt:<\/p>\n\n\n\n<ul class=\"wp-block-list\"><li>Scrab zu reduzieren<\/li><li>Die L\u00e4nge der Anwendung zu erweitern<\/li><li>Eine bessere Verarbeitungsqualit\u00e4t, weil diese einheitlicher ist<\/li><li>Drosselung der Produktionskosten.<\/li><li><\/li><\/ul>\n\n\n\n<h3 class=\"wp-block-heading\">3D<\/h3>\n\n\n\n<p>Derzeit untersuchen und perfektionieren wir die Filament-Extrusionstechnologie f\u00fcr 3D-Drucker, vor allem mit den am h\u00e4ufigsten verwendeten Materialien ABS und PLA.<\/p>\n","protected":false},"excerpt":{"rendered":"<p>Forschung und Entwicklung ist ein wesentlicher Bestandteil der Arvitec-DNA, in jedem Projekt erweitern wir unsere Kenntnisse und verwenden sie f\u00fcr das n\u00e4chste Projekt. Die Entwicklung und Forschung ist die DNA von Arvitec, die Schaffung von Innovationen in der Coextrusionstechnologie war eine Konstante bei den mehr als 5000 Projekten, die erfolgreich umgesetzt wurden. Technologie Im Laufe [&hellip;]<\/p>\n","protected":false},"author":1,"featured_media":0,"parent":0,"menu_order":0,"comment_status":"closed","ping_status":"closed","template":"rd.php","meta":{"_acf_changed":false,"footnotes":""},"class_list":["post-42","page","type-page","status-publish","hentry"],"acf":[],"yoast_head":"<!-- This site is optimized with the Yoast SEO plugin v26.0 - https:\/\/yoast.com\/wordpress\/plugins\/seo\/ -->\n<title>F+E - Arvitec<\/title>\n<meta name=\"robots\" content=\"index, follow, max-snippet:-1, max-image-preview:large, max-video-preview:-1\" \/>\n<link rel=\"canonical\" href=\"https:\/\/arvitec.com\/de\/fe\/\" \/>\n<meta property=\"og:locale\" content=\"en_GB\" \/>\n<meta property=\"og:type\" content=\"article\" \/>\n<meta property=\"og:title\" content=\"F+E - Arvitec\" \/>\n<meta property=\"og:description\" content=\"Forschung und Entwicklung ist ein wesentlicher Bestandteil der Arvitec-DNA, in jedem Projekt erweitern wir unsere Kenntnisse und verwenden sie f\u00fcr das n\u00e4chste Projekt. Die Entwicklung und Forschung ist die DNA von Arvitec, die Schaffung von Innovationen in der Coextrusionstechnologie war eine Konstante bei den mehr als 5000 Projekten, die erfolgreich umgesetzt wurden. Technologie Im Laufe [&hellip;]\" \/>\n<meta property=\"og:url\" content=\"https:\/\/arvitec.com\/de\/fe\/\" \/>\n<meta property=\"og:site_name\" content=\"Arvitec\" \/>\n<meta property=\"article:modified_time\" content=\"2020-03-16T15:40:17+00:00\" \/>\n<meta name=\"twitter:card\" content=\"summary_large_image\" \/>\n<meta name=\"twitter:label1\" content=\"Estimated reading time\" \/>\n\t<meta name=\"twitter:data1\" content=\"1 minute\" \/>\n<script type=\"application\/ld+json\" class=\"yoast-schema-graph\">{\"@context\":\"https:\/\/schema.org\",\"@graph\":[{\"@type\":\"WebPage\",\"@id\":\"https:\/\/arvitec.com\/de\/fe\/\",\"url\":\"https:\/\/arvitec.com\/de\/fe\/\",\"name\":\"F+E - Arvitec\",\"isPartOf\":{\"@id\":\"https:\/\/arvitec.com\/de\/#website\"},\"datePublished\":\"2020-02-27T15:08:06+00:00\",\"dateModified\":\"2020-03-16T15:40:17+00:00\",\"breadcrumb\":{\"@id\":\"https:\/\/arvitec.com\/de\/fe\/#breadcrumb\"},\"inLanguage\":\"en-GB\",\"potentialAction\":[{\"@type\":\"ReadAction\",\"target\":[\"https:\/\/arvitec.com\/de\/fe\/\"]}]},{\"@type\":\"BreadcrumbList\",\"@id\":\"https:\/\/arvitec.com\/de\/fe\/#breadcrumb\",\"itemListElement\":[{\"@type\":\"ListItem\",\"position\":1,\"name\":\"Home\",\"item\":\"https:\/\/arvitec.com\/de\/\"},{\"@type\":\"ListItem\",\"position\":2,\"name\":\"F+E\"}]},{\"@type\":\"WebSite\",\"@id\":\"https:\/\/arvitec.com\/de\/#website\",\"url\":\"https:\/\/arvitec.com\/de\/\",\"name\":\"Arvitec\",\"description\":\"Advancing Extrusion Technology\",\"potentialAction\":[{\"@type\":\"SearchAction\",\"target\":{\"@type\":\"EntryPoint\",\"urlTemplate\":\"https:\/\/arvitec.com\/de\/?s={search_term_string}\"},\"query-input\":{\"@type\":\"PropertyValueSpecification\",\"valueRequired\":true,\"valueName\":\"search_term_string\"}}],\"inLanguage\":\"en-GB\"}]}<\/script>\n<!-- \/ Yoast SEO plugin. -->","yoast_head_json":{"title":"F+E - Arvitec","robots":{"index":"index","follow":"follow","max-snippet":"max-snippet:-1","max-image-preview":"max-image-preview:large","max-video-preview":"max-video-preview:-1"},"canonical":"https:\/\/arvitec.com\/de\/fe\/","og_locale":"en_GB","og_type":"article","og_title":"F+E - Arvitec","og_description":"Forschung und Entwicklung ist ein wesentlicher Bestandteil der Arvitec-DNA, in jedem Projekt erweitern wir unsere Kenntnisse und verwenden sie f\u00fcr das n\u00e4chste Projekt. Die Entwicklung und Forschung ist die DNA von Arvitec, die Schaffung von Innovationen in der Coextrusionstechnologie war eine Konstante bei den mehr als 5000 Projekten, die erfolgreich umgesetzt wurden. Technologie Im Laufe [&hellip;]","og_url":"https:\/\/arvitec.com\/de\/fe\/","og_site_name":"Arvitec","article_modified_time":"2020-03-16T15:40:17+00:00","twitter_card":"summary_large_image","twitter_misc":{"Estimated reading time":"1 minute"},"schema":{"@context":"https:\/\/schema.org","@graph":[{"@type":"WebPage","@id":"https:\/\/arvitec.com\/de\/fe\/","url":"https:\/\/arvitec.com\/de\/fe\/","name":"F+E - Arvitec","isPartOf":{"@id":"https:\/\/arvitec.com\/de\/#website"},"datePublished":"2020-02-27T15:08:06+00:00","dateModified":"2020-03-16T15:40:17+00:00","breadcrumb":{"@id":"https:\/\/arvitec.com\/de\/fe\/#breadcrumb"},"inLanguage":"en-GB","potentialAction":[{"@type":"ReadAction","target":["https:\/\/arvitec.com\/de\/fe\/"]}]},{"@type":"BreadcrumbList","@id":"https:\/\/arvitec.com\/de\/fe\/#breadcrumb","itemListElement":[{"@type":"ListItem","position":1,"name":"Home","item":"https:\/\/arvitec.com\/de\/"},{"@type":"ListItem","position":2,"name":"F+E"}]},{"@type":"WebSite","@id":"https:\/\/arvitec.com\/de\/#website","url":"https:\/\/arvitec.com\/de\/","name":"Arvitec","description":"Advancing Extrusion Technology","potentialAction":[{"@type":"SearchAction","target":{"@type":"EntryPoint","urlTemplate":"https:\/\/arvitec.com\/de\/?s={search_term_string}"},"query-input":{"@type":"PropertyValueSpecification","valueRequired":true,"valueName":"search_term_string"}}],"inLanguage":"en-GB"}]}},"_links":{"self":[{"href":"https:\/\/arvitec.com\/de\/wp-json\/wp\/v2\/pages\/42","targetHints":{"allow":["GET"]}}],"collection":[{"href":"https:\/\/arvitec.com\/de\/wp-json\/wp\/v2\/pages"}],"about":[{"href":"https:\/\/arvitec.com\/de\/wp-json\/wp\/v2\/types\/page"}],"author":[{"embeddable":true,"href":"https:\/\/arvitec.com\/de\/wp-json\/wp\/v2\/users\/1"}],"replies":[{"embeddable":true,"href":"https:\/\/arvitec.com\/de\/wp-json\/wp\/v2\/comments?post=42"}],"version-history":[{"count":6,"href":"https:\/\/arvitec.com\/de\/wp-json\/wp\/v2\/pages\/42\/revisions"}],"predecessor-version":[{"id":3359,"href":"https:\/\/arvitec.com\/de\/wp-json\/wp\/v2\/pages\/42\/revisions\/3359"}],"wp:attachment":[{"href":"https:\/\/arvitec.com\/de\/wp-json\/wp\/v2\/media?parent=42"}],"curies":[{"name":"wp","href":"https:\/\/api.w.org\/{rel}","templated":true}]}}