{"id":40,"date":"2020-02-27T14:33:40","date_gmt":"2020-02-27T14:33:40","guid":{"rendered":"https:\/\/arvitec.com\/?page_id=38"},"modified":"2020-03-16T15:36:55","modified_gmt":"2020-03-16T15:36:55","slug":"elektrische-widerstande","status":"publish","type":"page","link":"https:\/\/arvitec.com\/de\/elektrische-widerstande\/","title":{"rendered":"Elektrische Widerst\u00e4nde"},"content":{"rendered":"<p>Wir verf\u00fcgen \u00fcber eine umfangreiche Bandbreite von elektrischen Widerst\u00e4nden und alle Arten von PT 100 Sonden und Thermoelementen sowie alle Temperaturmesssysteme.<\/p>\n<p>Wir liefern alle Ersatzteile und Verbrauchsmaterialien f\u00fcr Maschinen der Kunststoffverarbeitung.<\/p>\n<p>Wir garantieren Leistung und Zuverl\u00e4ssigkeit aller Widerst\u00e4nde, die durch ein Pr\u00fcfzertifikat und ordnungsgem\u00e4\u00dfen Betrieb bedient werden.<\/p>\n<p>F\u00fcr eine bessere Energieeinsparung kann es mit \u00dcberluftkammer mit Innend\u00e4mmung geliefert werden, um W\u00e4rmeverlust zu verhindern.<\/p>\n<p>Wir fertigen spezielle Resistenzpl\u00e4ne, damit Sie ein genaues Verzeichnis Ihrer Teile haben.<\/p>\n","protected":false},"excerpt":{"rendered":"<p>Wir verf\u00fcgen \u00fcber eine umfangreiche Bandbreite von elektrischen Widerst\u00e4nden und alle Arten von PT 100 Sonden und Thermoelementen sowie alle Temperaturmesssysteme. Wir liefern alle Ersatzteile und Verbrauchsmaterialien f\u00fcr Maschinen der Kunststoffverarbeitung. Wir garantieren Leistung und Zuverl\u00e4ssigkeit aller Widerst\u00e4nde, die durch ein Pr\u00fcfzertifikat und ordnungsgem\u00e4\u00dfen Betrieb bedient werden. F\u00fcr eine bessere Energieeinsparung kann es mit \u00dcberluftkammer [&hellip;]<\/p>\n","protected":false},"author":1,"featured_media":0,"parent":0,"menu_order":0,"comment_status":"closed","ping_status":"closed","template":"heater-elements.php","meta":{"_acf_changed":false,"footnotes":""},"class_list":["post-40","page","type-page","status-publish","hentry"],"acf":[],"yoast_head":"<!-- This site is optimized with the Yoast SEO plugin v26.0 - https:\/\/yoast.com\/wordpress\/plugins\/seo\/ -->\n<title>Elektrische Widerst\u00e4nde - Arvitec<\/title>\n<meta name=\"robots\" content=\"index, follow, max-snippet:-1, max-image-preview:large, max-video-preview:-1\" \/>\n<link rel=\"canonical\" href=\"https:\/\/arvitec.com\/de\/elektrische-widerstande\/\" \/>\n<meta property=\"og:locale\" content=\"en_GB\" \/>\n<meta property=\"og:type\" content=\"article\" \/>\n<meta property=\"og:title\" content=\"Elektrische Widerst\u00e4nde - Arvitec\" \/>\n<meta property=\"og:description\" content=\"Wir verf\u00fcgen \u00fcber eine umfangreiche Bandbreite von elektrischen Widerst\u00e4nden und alle Arten von PT 100 Sonden und Thermoelementen sowie alle Temperaturmesssysteme. Wir liefern alle Ersatzteile und Verbrauchsmaterialien f\u00fcr Maschinen der Kunststoffverarbeitung. Wir garantieren Leistung und Zuverl\u00e4ssigkeit aller Widerst\u00e4nde, die durch ein Pr\u00fcfzertifikat und ordnungsgem\u00e4\u00dfen Betrieb bedient werden. F\u00fcr eine bessere Energieeinsparung kann es mit \u00dcberluftkammer [&hellip;]\" \/>\n<meta property=\"og:url\" content=\"https:\/\/arvitec.com\/de\/elektrische-widerstande\/\" \/>\n<meta property=\"og:site_name\" content=\"Arvitec\" \/>\n<meta property=\"article:modified_time\" content=\"2020-03-16T15:36:55+00:00\" \/>\n<meta name=\"twitter:card\" content=\"summary_large_image\" \/>\n<script type=\"application\/ld+json\" class=\"yoast-schema-graph\">{\"@context\":\"https:\/\/schema.org\",\"@graph\":[{\"@type\":\"WebPage\",\"@id\":\"https:\/\/arvitec.com\/de\/elektrische-widerstande\/\",\"url\":\"https:\/\/arvitec.com\/de\/elektrische-widerstande\/\",\"name\":\"Elektrische Widerst\u00e4nde - Arvitec\",\"isPartOf\":{\"@id\":\"https:\/\/arvitec.com\/de\/#website\"},\"datePublished\":\"2020-02-27T14:33:40+00:00\",\"dateModified\":\"2020-03-16T15:36:55+00:00\",\"breadcrumb\":{\"@id\":\"https:\/\/arvitec.com\/de\/elektrische-widerstande\/#breadcrumb\"},\"inLanguage\":\"en-GB\",\"potentialAction\":[{\"@type\":\"ReadAction\",\"target\":[\"https:\/\/arvitec.com\/de\/elektrische-widerstande\/\"]}]},{\"@type\":\"BreadcrumbList\",\"@id\":\"https:\/\/arvitec.com\/de\/elektrische-widerstande\/#breadcrumb\",\"itemListElement\":[{\"@type\":\"ListItem\",\"position\":1,\"name\":\"Home\",\"item\":\"https:\/\/arvitec.com\/de\/\"},{\"@type\":\"ListItem\",\"position\":2,\"name\":\"Elektrische Widerst\u00e4nde\"}]},{\"@type\":\"WebSite\",\"@id\":\"https:\/\/arvitec.com\/de\/#website\",\"url\":\"https:\/\/arvitec.com\/de\/\",\"name\":\"Arvitec\",\"description\":\"Advancing Extrusion Technology\",\"potentialAction\":[{\"@type\":\"SearchAction\",\"target\":{\"@type\":\"EntryPoint\",\"urlTemplate\":\"https:\/\/arvitec.com\/de\/?s={search_term_string}\"},\"query-input\":{\"@type\":\"PropertyValueSpecification\",\"valueRequired\":true,\"valueName\":\"search_term_string\"}}],\"inLanguage\":\"en-GB\"}]}<\/script>\n<!-- \/ Yoast SEO plugin. -->","yoast_head_json":{"title":"Elektrische Widerst\u00e4nde - Arvitec","robots":{"index":"index","follow":"follow","max-snippet":"max-snippet:-1","max-image-preview":"max-image-preview:large","max-video-preview":"max-video-preview:-1"},"canonical":"https:\/\/arvitec.com\/de\/elektrische-widerstande\/","og_locale":"en_GB","og_type":"article","og_title":"Elektrische Widerst\u00e4nde - Arvitec","og_description":"Wir verf\u00fcgen \u00fcber eine umfangreiche Bandbreite von elektrischen Widerst\u00e4nden und alle Arten von PT 100 Sonden und Thermoelementen sowie alle Temperaturmesssysteme. Wir liefern alle Ersatzteile und Verbrauchsmaterialien f\u00fcr Maschinen der Kunststoffverarbeitung. Wir garantieren Leistung und Zuverl\u00e4ssigkeit aller Widerst\u00e4nde, die durch ein Pr\u00fcfzertifikat und ordnungsgem\u00e4\u00dfen Betrieb bedient werden. F\u00fcr eine bessere Energieeinsparung kann es mit \u00dcberluftkammer [&hellip;]","og_url":"https:\/\/arvitec.com\/de\/elektrische-widerstande\/","og_site_name":"Arvitec","article_modified_time":"2020-03-16T15:36:55+00:00","twitter_card":"summary_large_image","schema":{"@context":"https:\/\/schema.org","@graph":[{"@type":"WebPage","@id":"https:\/\/arvitec.com\/de\/elektrische-widerstande\/","url":"https:\/\/arvitec.com\/de\/elektrische-widerstande\/","name":"Elektrische Widerst\u00e4nde - Arvitec","isPartOf":{"@id":"https:\/\/arvitec.com\/de\/#website"},"datePublished":"2020-02-27T14:33:40+00:00","dateModified":"2020-03-16T15:36:55+00:00","breadcrumb":{"@id":"https:\/\/arvitec.com\/de\/elektrische-widerstande\/#breadcrumb"},"inLanguage":"en-GB","potentialAction":[{"@type":"ReadAction","target":["https:\/\/arvitec.com\/de\/elektrische-widerstande\/"]}]},{"@type":"BreadcrumbList","@id":"https:\/\/arvitec.com\/de\/elektrische-widerstande\/#breadcrumb","itemListElement":[{"@type":"ListItem","position":1,"name":"Home","item":"https:\/\/arvitec.com\/de\/"},{"@type":"ListItem","position":2,"name":"Elektrische Widerst\u00e4nde"}]},{"@type":"WebSite","@id":"https:\/\/arvitec.com\/de\/#website","url":"https:\/\/arvitec.com\/de\/","name":"Arvitec","description":"Advancing Extrusion Technology","potentialAction":[{"@type":"SearchAction","target":{"@type":"EntryPoint","urlTemplate":"https:\/\/arvitec.com\/de\/?s={search_term_string}"},"query-input":{"@type":"PropertyValueSpecification","valueRequired":true,"valueName":"search_term_string"}}],"inLanguage":"en-GB"}]}},"_links":{"self":[{"href":"https:\/\/arvitec.com\/de\/wp-json\/wp\/v2\/pages\/40","targetHints":{"allow":["GET"]}}],"collection":[{"href":"https:\/\/arvitec.com\/de\/wp-json\/wp\/v2\/pages"}],"about":[{"href":"https:\/\/arvitec.com\/de\/wp-json\/wp\/v2\/types\/page"}],"author":[{"embeddable":true,"href":"https:\/\/arvitec.com\/de\/wp-json\/wp\/v2\/users\/1"}],"replies":[{"embeddable":true,"href":"https:\/\/arvitec.com\/de\/wp-json\/wp\/v2\/comments?post=40"}],"version-history":[{"count":4,"href":"https:\/\/arvitec.com\/de\/wp-json\/wp\/v2\/pages\/40\/revisions"}],"predecessor-version":[{"id":3357,"href":"https:\/\/arvitec.com\/de\/wp-json\/wp\/v2\/pages\/40\/revisions\/3357"}],"wp:attachment":[{"href":"https:\/\/arvitec.com\/de\/wp-json\/wp\/v2\/media?parent=40"}],"curies":[{"name":"wp","href":"https:\/\/api.w.org\/{rel}","templated":true}]}}