{"id":38,"date":"2020-02-20T09:52:58","date_gmt":"2020-02-20T09:52:58","guid":{"rendered":"https:\/\/arvitec.com\/?page_id=10"},"modified":"2020-04-01T12:37:40","modified_gmt":"2020-04-01T11:37:40","slug":"extrusionslinien","status":"publish","type":"page","link":"https:\/\/arvitec.com\/de\/extrusionslinien\/","title":{"rendered":"Extrusionslinien"},"content":{"rendered":"\n<p>Kundenspezifische Extrusionslinien und Coextrusionslinien f\u00fcr jede Art von Produkt.<\/p>\n\n\n\n<p>Extrusionsanlagen f\u00fcr PVC, Coextrusionsanlage f\u00fcr PP + TPV, Coextrusionsanlage f\u00fcr PVC + TPV<\/p>\n\n\n\n<ul class=\"wp-block-list\"><li>Maschinen optimiert nach dem herzustellenden Profil.<\/li><li>Manuelle oder vollautomatische Extrusionslinie: Alle Maschinen werden in Bezug auf Geschwindigkeit, Temperatur, Standort, Vakuum und Schnitt synchronisiert, um eine pr\u00e4zise und schnellere Leistung zu erzielen.<\/li><li>Leistungskontrollberichte<\/li><li>Aufgezeichnete Rezepte: Mit den Rezepten k\u00f6nnen alle Profile im Speicher der Linie gespeichert werden. Auf diese Weise k\u00f6nnen wir die Anlaufzeit und die Materialverschwendung reduzieren<\/li><li>Starten Sie schneller und einfacher.<\/li><li>Reduziert die Ausschusskosten bei der Anpassung.<\/li><li>Gr\u00f6\u00dfere Auswahl an zu bearbeitenden Profilen. Wir haben die Profilpalette erweitert, um unsere Extrusionslinie wettbewerbsf\u00e4higer zu machen.<\/li><\/ul>\n\n\n\n<p>Alle in Arvitec hergestellten und zugelassenen Maschinen.<\/p>\n\n\n\n<p>Arvitec Exclusive Design Shirt und Spindel wurden entwickelt, um die beste Plastifizierung und Stabilit\u00e4t im Extrusionsprozess zu gew\u00e4hrleisten.<\/p>\n","protected":false},"excerpt":{"rendered":"<p>Kundenspezifische Extrusionslinien und Coextrusionslinien f\u00fcr jede Art von Produkt. Extrusionsanlagen f\u00fcr PVC, Coextrusionsanlage f\u00fcr PP + TPV, Coextrusionsanlage f\u00fcr PVC + TPV Maschinen optimiert nach dem herzustellenden Profil. Manuelle oder vollautomatische Extrusionslinie: Alle Maschinen werden in Bezug auf Geschwindigkeit, Temperatur, Standort, Vakuum und Schnitt synchronisiert, um eine pr\u00e4zise und schnellere Leistung zu erzielen. Leistungskontrollberichte Aufgezeichnete [&hellip;]<\/p>\n","protected":false},"author":1,"featured_media":0,"parent":0,"menu_order":0,"comment_status":"closed","ping_status":"closed","template":"turnkey.php","meta":{"_acf_changed":false,"footnotes":""},"class_list":["post-38","page","type-page","status-publish","hentry"],"acf":[],"yoast_head":"<!-- This site is optimized with the Yoast SEO plugin v26.0 - https:\/\/yoast.com\/wordpress\/plugins\/seo\/ -->\n<title>Extrusionslinien - Arvitec<\/title>\n<meta name=\"robots\" content=\"index, follow, max-snippet:-1, max-image-preview:large, max-video-preview:-1\" \/>\n<link rel=\"canonical\" href=\"https:\/\/arvitec.com\/de\/extrusionslinien\/\" \/>\n<meta property=\"og:locale\" content=\"en_GB\" \/>\n<meta property=\"og:type\" content=\"article\" \/>\n<meta property=\"og:title\" content=\"Extrusionslinien - Arvitec\" \/>\n<meta property=\"og:description\" content=\"Kundenspezifische Extrusionslinien und Coextrusionslinien f\u00fcr jede Art von Produkt. Extrusionsanlagen f\u00fcr PVC, Coextrusionsanlage f\u00fcr PP + TPV, Coextrusionsanlage f\u00fcr PVC + TPV Maschinen optimiert nach dem herzustellenden Profil. Manuelle oder vollautomatische Extrusionslinie: Alle Maschinen werden in Bezug auf Geschwindigkeit, Temperatur, Standort, Vakuum und Schnitt synchronisiert, um eine pr\u00e4zise und schnellere Leistung zu erzielen. Leistungskontrollberichte Aufgezeichnete [&hellip;]\" \/>\n<meta property=\"og:url\" content=\"https:\/\/arvitec.com\/de\/extrusionslinien\/\" \/>\n<meta property=\"og:site_name\" content=\"Arvitec\" \/>\n<meta property=\"article:modified_time\" content=\"2020-04-01T11:37:40+00:00\" \/>\n<meta name=\"twitter:card\" content=\"summary_large_image\" \/>\n<meta name=\"twitter:label1\" content=\"Estimated reading time\" \/>\n\t<meta name=\"twitter:data1\" content=\"1 minute\" \/>\n<script type=\"application\/ld+json\" class=\"yoast-schema-graph\">{\"@context\":\"https:\/\/schema.org\",\"@graph\":[{\"@type\":\"WebPage\",\"@id\":\"https:\/\/arvitec.com\/de\/extrusionslinien\/\",\"url\":\"https:\/\/arvitec.com\/de\/extrusionslinien\/\",\"name\":\"Extrusionslinien - Arvitec\",\"isPartOf\":{\"@id\":\"https:\/\/arvitec.com\/de\/#website\"},\"datePublished\":\"2020-02-20T09:52:58+00:00\",\"dateModified\":\"2020-04-01T11:37:40+00:00\",\"breadcrumb\":{\"@id\":\"https:\/\/arvitec.com\/de\/extrusionslinien\/#breadcrumb\"},\"inLanguage\":\"en-GB\",\"potentialAction\":[{\"@type\":\"ReadAction\",\"target\":[\"https:\/\/arvitec.com\/de\/extrusionslinien\/\"]}]},{\"@type\":\"BreadcrumbList\",\"@id\":\"https:\/\/arvitec.com\/de\/extrusionslinien\/#breadcrumb\",\"itemListElement\":[{\"@type\":\"ListItem\",\"position\":1,\"name\":\"Home\",\"item\":\"https:\/\/arvitec.com\/de\/\"},{\"@type\":\"ListItem\",\"position\":2,\"name\":\"Extrusionslinien\"}]},{\"@type\":\"WebSite\",\"@id\":\"https:\/\/arvitec.com\/de\/#website\",\"url\":\"https:\/\/arvitec.com\/de\/\",\"name\":\"Arvitec\",\"description\":\"Advancing Extrusion Technology\",\"potentialAction\":[{\"@type\":\"SearchAction\",\"target\":{\"@type\":\"EntryPoint\",\"urlTemplate\":\"https:\/\/arvitec.com\/de\/?s={search_term_string}\"},\"query-input\":{\"@type\":\"PropertyValueSpecification\",\"valueRequired\":true,\"valueName\":\"search_term_string\"}}],\"inLanguage\":\"en-GB\"}]}<\/script>\n<!-- \/ Yoast SEO plugin. -->","yoast_head_json":{"title":"Extrusionslinien - Arvitec","robots":{"index":"index","follow":"follow","max-snippet":"max-snippet:-1","max-image-preview":"max-image-preview:large","max-video-preview":"max-video-preview:-1"},"canonical":"https:\/\/arvitec.com\/de\/extrusionslinien\/","og_locale":"en_GB","og_type":"article","og_title":"Extrusionslinien - Arvitec","og_description":"Kundenspezifische Extrusionslinien und Coextrusionslinien f\u00fcr jede Art von Produkt. Extrusionsanlagen f\u00fcr PVC, Coextrusionsanlage f\u00fcr PP + TPV, Coextrusionsanlage f\u00fcr PVC + TPV Maschinen optimiert nach dem herzustellenden Profil. Manuelle oder vollautomatische Extrusionslinie: Alle Maschinen werden in Bezug auf Geschwindigkeit, Temperatur, Standort, Vakuum und Schnitt synchronisiert, um eine pr\u00e4zise und schnellere Leistung zu erzielen. Leistungskontrollberichte Aufgezeichnete [&hellip;]","og_url":"https:\/\/arvitec.com\/de\/extrusionslinien\/","og_site_name":"Arvitec","article_modified_time":"2020-04-01T11:37:40+00:00","twitter_card":"summary_large_image","twitter_misc":{"Estimated reading time":"1 minute"},"schema":{"@context":"https:\/\/schema.org","@graph":[{"@type":"WebPage","@id":"https:\/\/arvitec.com\/de\/extrusionslinien\/","url":"https:\/\/arvitec.com\/de\/extrusionslinien\/","name":"Extrusionslinien - Arvitec","isPartOf":{"@id":"https:\/\/arvitec.com\/de\/#website"},"datePublished":"2020-02-20T09:52:58+00:00","dateModified":"2020-04-01T11:37:40+00:00","breadcrumb":{"@id":"https:\/\/arvitec.com\/de\/extrusionslinien\/#breadcrumb"},"inLanguage":"en-GB","potentialAction":[{"@type":"ReadAction","target":["https:\/\/arvitec.com\/de\/extrusionslinien\/"]}]},{"@type":"BreadcrumbList","@id":"https:\/\/arvitec.com\/de\/extrusionslinien\/#breadcrumb","itemListElement":[{"@type":"ListItem","position":1,"name":"Home","item":"https:\/\/arvitec.com\/de\/"},{"@type":"ListItem","position":2,"name":"Extrusionslinien"}]},{"@type":"WebSite","@id":"https:\/\/arvitec.com\/de\/#website","url":"https:\/\/arvitec.com\/de\/","name":"Arvitec","description":"Advancing Extrusion Technology","potentialAction":[{"@type":"SearchAction","target":{"@type":"EntryPoint","urlTemplate":"https:\/\/arvitec.com\/de\/?s={search_term_string}"},"query-input":{"@type":"PropertyValueSpecification","valueRequired":true,"valueName":"search_term_string"}}],"inLanguage":"en-GB"}]}},"_links":{"self":[{"href":"https:\/\/arvitec.com\/de\/wp-json\/wp\/v2\/pages\/38","targetHints":{"allow":["GET"]}}],"collection":[{"href":"https:\/\/arvitec.com\/de\/wp-json\/wp\/v2\/pages"}],"about":[{"href":"https:\/\/arvitec.com\/de\/wp-json\/wp\/v2\/types\/page"}],"author":[{"embeddable":true,"href":"https:\/\/arvitec.com\/de\/wp-json\/wp\/v2\/users\/1"}],"replies":[{"embeddable":true,"href":"https:\/\/arvitec.com\/de\/wp-json\/wp\/v2\/comments?post=38"}],"version-history":[{"count":9,"href":"https:\/\/arvitec.com\/de\/wp-json\/wp\/v2\/pages\/38\/revisions"}],"predecessor-version":[{"id":3432,"href":"https:\/\/arvitec.com\/de\/wp-json\/wp\/v2\/pages\/38\/revisions\/3432"}],"wp:attachment":[{"href":"https:\/\/arvitec.com\/de\/wp-json\/wp\/v2\/media?parent=38"}],"curies":[{"name":"wp","href":"https:\/\/api.w.org\/{rel}","templated":true}]}}